{"id":953,"date":"2024-10-21T01:00:56","date_gmt":"2024-10-20T23:00:56","guid":{"rendered":"https:\/\/bbi-realestate.de\/newsletter\/"},"modified":"2026-01-18T14:36:23","modified_gmt":"2026-01-18T13:36:23","slug":"newsletter","status":"publish","type":"page","link":"https:\/\/bbi-realestate.de\/en\/newsletter\/","title":{"rendered":"Newsletter"},"content":{"rendered":"<div class=\"wp-block-group is-layout-constrained wp-container-core-group-is-layout-82771522 wp-block-group-is-layout-constrained\" style=\"padding-top:40px;padding-right:20px;padding-bottom:0px;padding-left:20px\">\n<div class=\"wp-block-columns is-layout-flex wp-container-core-columns-is-layout-997ef4c2 wp-block-columns-is-layout-flex\" style=\"padding-right:20px;padding-bottom:30px;padding-left:0px\">\n<div class=\"wp-block-column is-layout-flow wp-block-column-is-layout-flow\" style=\"flex-basis:45%\">\n<p class=\"has-text-align-left restance-animate restance-move-right restance-delay-1 has-secondary-color has-text-color has-heading-5-font-size\" style=\"font-style:normal;font-weight:700;letter-spacing:1px;line-height:0.9;text-transform:uppercase\">in touch<\/p>\n\n\n\n<h2 class=\"wp-block-heading has-text-align-left restance-animate restance-move-right restance-delay-3 has-primary-color has-text-color has-heading-2-font-size\" style=\"line-height:1\">Newsletter<\/h2>\n\n\n\n<div class=\"wp-block-columns is-layout-flex wp-container-core-columns-is-layout-28f84493 wp-block-columns-is-layout-flex\">\n<div class=\"wp-block-column is-layout-flow wp-block-column-is-layout-flow\" style=\"flex-basis:100%\">\n<p class=\"has-text-align-left restance-animate restance-move-right restance-delay-5 has-text-color has-tiny-font-size\" style=\"color:#787878;font-style:normal;font-weight:300\">Feel free to sign up for our newsletter for free to stay informed about new projects<\/p>\n\n\n\n<div class=\"wp-block-columns is-layout-flex wp-container-core-columns-is-layout-28f84493 wp-block-columns-is-layout-flex\">\n<div class=\"wp-block-column is-layout-flow wp-block-column-is-layout-flow\"><div class=\"tnp tnp-subscription\">\n<form method=\"post\" action=\"https:\/\/bbi-realestate.de\/wp-admin\/admin-ajax.php?action=tnp&amp;na=s\">\n<input type=\"hidden\" name=\"nlang\" value=\"\">\n<div class=\"tnp-field tnp-field-firstname\"><label for=\"tnp-1\">First name<\/label>\n<input class=\"tnp-name\" type=\"text\" name=\"nn\" id=\"tnp-1\" value=\"\" placeholder=\"\"><\/div>\n<div class=\"tnp-field tnp-field-surname\"><label for=\"tnp-2\">Last name<\/label>\n<input class=\"tnp-surname\" type=\"text\" name=\"ns\" id=\"tnp-2\" value=\"\" placeholder=\"\"><\/div><div class=\"tnp-field tnp-field-email\"><label for=\"tnp-3\">Email<\/label>\n<input class=\"tnp-email\" type=\"email\" name=\"ne\" id=\"tnp-3\" value=\"\" placeholder=\"\" required><\/div>\n<div class=\"tnp-field tnp-field-profile\"><label for=\"tnp-4\">Phone number<\/label>\n<input class=\"tnp-profile tnp-profile-1\" id=\"tnp-profile_1\" type=\"text\" size=\"\" name=\"np1\" placeholder=\"\" required><\/div>\n<div class=\"tnp-field tnp-field-profile\"><label for=\"tnp-5\">Street, house number<\/label>\n<input class=\"tnp-profile tnp-profile-2\" id=\"tnp-profile_2\" type=\"text\" size=\"\" name=\"np2\" placeholder=\"\" required><\/div>\n<div class=\"tnp-field tnp-field-profile\"><label for=\"tnp-6\">ZIP code<\/label>\n<input class=\"tnp-profile tnp-profile-3\" id=\"tnp-profile_3\" type=\"text\" size=\"\" name=\"np3\" placeholder=\"\"><\/div>\n<div class=\"tnp-field tnp-privacy-field\"><label><input type=\"checkbox\" name=\"ny\" required class=\"tnp-privacy\"> I accept the privacy policy<\/label><\/div><div class=\"tnp-field tnp-field-button\" style=\"text-align: left\"><input class=\"tnp-submit\" type=\"submit\" value=\"Subscribe\" style=\"\">\n<\/div>\n<\/form>\n<\/div>\n\n<\/div>\n<\/div>\n<\/div>\n<\/div>\n<\/div>\n<\/div>\n<\/div>\n\n\n\n<div style=\"height:100px\" aria-hidden=\"true\" class=\"wp-block-spacer\"><\/div>","protected":false},"excerpt":{"rendered":"<p>In verbindung Newsletter Melden Sie sich doch gerne kostenfrei f\u00fcr unseren Newsletter an, um direkt \u00fcber neue Projekte informiert zu bleiben<\/p>","protected":false},"author":1,"featured_media":0,"parent":0,"menu_order":0,"comment_status":"closed","ping_status":"closed","template":"","meta":{"footnotes":""},"class_list":["post-953","page","type-page","status-publish","hentry"],"yoast_head":"<!-- This site is optimized with the Yoast SEO plugin v23.8 - https:\/\/yoast.com\/wordpress\/plugins\/seo\/ -->\n<title>Newsletter - BBI Realestate Immobilien in Berlin &amp; Brandenburg \u2013 Grundst\u00fccke, H\u00e4user &amp; Wohnungen kaufen bei BBI Real Estate<\/title>\n<meta name=\"description\" content=\"BBI Real Estate ist Ihr Partner f\u00fcr Immobilien in Berlin &amp; Brandenburg. Wir bieten Grundst\u00fccke, H\u00e4user und Wohnungen zum Kauf sowie umfassenden Service von der Beratung bis zur Finanzierung.\" \/>\n<meta name=\"robots\" content=\"index, follow, max-snippet:-1, max-image-preview:large, max-video-preview:-1\" \/>\n<link rel=\"canonical\" href=\"https:\/\/bbi-realestate.de\/en\/newsletter\/\" \/>\n<meta property=\"og:locale\" content=\"en_GB\" \/>\n<meta property=\"og:type\" content=\"article\" \/>\n<meta property=\"og:title\" content=\"Newsletter - BBI Realestate Immobilien in Berlin &amp; Brandenburg \u2013 Grundst\u00fccke, H\u00e4user &amp; Wohnungen kaufen bei BBI Real Estate\" \/>\n<meta property=\"og:description\" content=\"BBI Real Estate ist Ihr Partner f\u00fcr Immobilien in Berlin &amp; Brandenburg. Wir bieten Grundst\u00fccke, H\u00e4user und Wohnungen zum Kauf sowie umfassenden Service von der Beratung bis zur Finanzierung.\" \/>\n<meta property=\"og:url\" content=\"https:\/\/bbi-realestate.de\/en\/newsletter\/\" \/>\n<meta property=\"og:site_name\" content=\"BBI Realestate\" \/>\n<meta property=\"article:modified_time\" content=\"2026-01-18T13:36:23+00:00\" \/>\n<meta name=\"twitter:card\" content=\"summary_large_image\" \/>\n<meta name=\"twitter:label1\" content=\"Estimated reading time\" \/>\n\t<meta name=\"twitter:data1\" content=\"1 minute\" \/>\n<script type=\"application\/ld+json\" class=\"yoast-schema-graph\">{\"@context\":\"https:\/\/schema.org\",\"@graph\":[{\"@type\":\"WebPage\",\"@id\":\"https:\/\/bbi-realestate.de\/en\/newsletter\/\",\"url\":\"https:\/\/bbi-realestate.de\/en\/newsletter\/\",\"name\":\"Newsletter - BBI Realestate Immobilien in Berlin & Brandenburg \u2013 Grundst\u00fccke, H\u00e4user & Wohnungen kaufen bei BBI Real Estate\",\"isPartOf\":{\"@id\":\"https:\/\/bbi-realestate.de\/#website\"},\"datePublished\":\"2024-10-20T23:00:56+00:00\",\"dateModified\":\"2026-01-18T13:36:23+00:00\",\"description\":\"BBI Real Estate ist Ihr Partner f\u00fcr Immobilien in Berlin & Brandenburg. Wir bieten Grundst\u00fccke, H\u00e4user und Wohnungen zum Kauf sowie umfassenden Service von der Beratung bis zur Finanzierung.\",\"breadcrumb\":{\"@id\":\"https:\/\/bbi-realestate.de\/en\/newsletter\/#breadcrumb\"},\"inLanguage\":\"en-GB\",\"potentialAction\":[{\"@type\":\"ReadAction\",\"target\":[\"https:\/\/bbi-realestate.de\/en\/newsletter\/\"]}]},{\"@type\":\"BreadcrumbList\",\"@id\":\"https:\/\/bbi-realestate.de\/en\/newsletter\/#breadcrumb\",\"itemListElement\":[{\"@type\":\"ListItem\",\"position\":1,\"name\":\"Startseite\",\"item\":\"https:\/\/bbi-realestate.de\/\"},{\"@type\":\"ListItem\",\"position\":2,\"name\":\"Newsletter\"}]},{\"@type\":\"WebSite\",\"@id\":\"https:\/\/bbi-realestate.de\/#website\",\"url\":\"https:\/\/bbi-realestate.de\/\",\"name\":\"BBI Realestate\",\"description\":\"\",\"publisher\":{\"@id\":\"https:\/\/bbi-realestate.de\/#organization\"},\"potentialAction\":[{\"@type\":\"SearchAction\",\"target\":{\"@type\":\"EntryPoint\",\"urlTemplate\":\"https:\/\/bbi-realestate.de\/?s={search_term_string}\"},\"query-input\":{\"@type\":\"PropertyValueSpecification\",\"valueRequired\":true,\"valueName\":\"search_term_string\"}}],\"inLanguage\":\"en-GB\"},{\"@type\":\"Organization\",\"@id\":\"https:\/\/bbi-realestate.de\/#organization\",\"name\":\"BBI Realestate\",\"url\":\"https:\/\/bbi-realestate.de\/\",\"logo\":{\"@type\":\"ImageObject\",\"inLanguage\":\"en-GB\",\"@id\":\"https:\/\/bbi-realestate.de\/#\/schema\/logo\/image\/\",\"url\":\"https:\/\/bbi-realestate.de\/wp-content\/uploads\/2024\/10\/cropped-cropped-logo2.png\",\"contentUrl\":\"https:\/\/bbi-realestate.de\/wp-content\/uploads\/2024\/10\/cropped-cropped-logo2.png\",\"width\":512,\"height\":512,\"caption\":\"BBI Realestate\"},\"image\":{\"@id\":\"https:\/\/bbi-realestate.de\/#\/schema\/logo\/image\/\"}}]}<\/script>\n<!-- \/ Yoast SEO plugin. -->","yoast_head_json":{"title":"Newsletter - BBI Realestate Immobilien in Berlin & Brandenburg \u2013 Grundst\u00fccke, H\u00e4user & Wohnungen kaufen bei BBI Real Estate","description":"BBI Real Estate ist Ihr Partner f\u00fcr Immobilien in Berlin & Brandenburg. Wir bieten Grundst\u00fccke, H\u00e4user und Wohnungen zum Kauf sowie umfassenden Service von der Beratung bis zur Finanzierung.","robots":{"index":"index","follow":"follow","max-snippet":"max-snippet:-1","max-image-preview":"max-image-preview:large","max-video-preview":"max-video-preview:-1"},"canonical":"https:\/\/bbi-realestate.de\/en\/newsletter\/","og_locale":"en_GB","og_type":"article","og_title":"Newsletter - BBI Realestate Immobilien in Berlin & Brandenburg \u2013 Grundst\u00fccke, H\u00e4user & Wohnungen kaufen bei BBI Real Estate","og_description":"BBI Real Estate ist Ihr Partner f\u00fcr Immobilien in Berlin & Brandenburg. Wir bieten Grundst\u00fccke, H\u00e4user und Wohnungen zum Kauf sowie umfassenden Service von der Beratung bis zur Finanzierung.","og_url":"https:\/\/bbi-realestate.de\/en\/newsletter\/","og_site_name":"BBI Realestate","article_modified_time":"2026-01-18T13:36:23+00:00","twitter_card":"summary_large_image","twitter_misc":{"Estimated reading time":"1 minute"},"schema":{"@context":"https:\/\/schema.org","@graph":[{"@type":"WebPage","@id":"https:\/\/bbi-realestate.de\/en\/newsletter\/","url":"https:\/\/bbi-realestate.de\/en\/newsletter\/","name":"Newsletter - BBI Realestate Immobilien in Berlin & Brandenburg \u2013 Grundst\u00fccke, H\u00e4user & Wohnungen kaufen bei BBI Real Estate","isPartOf":{"@id":"https:\/\/bbi-realestate.de\/#website"},"datePublished":"2024-10-20T23:00:56+00:00","dateModified":"2026-01-18T13:36:23+00:00","description":"BBI Real Estate ist Ihr Partner f\u00fcr Immobilien in Berlin & Brandenburg. Wir bieten Grundst\u00fccke, H\u00e4user und Wohnungen zum Kauf sowie umfassenden Service von der Beratung bis zur Finanzierung.","breadcrumb":{"@id":"https:\/\/bbi-realestate.de\/en\/newsletter\/#breadcrumb"},"inLanguage":"en-GB","potentialAction":[{"@type":"ReadAction","target":["https:\/\/bbi-realestate.de\/en\/newsletter\/"]}]},{"@type":"BreadcrumbList","@id":"https:\/\/bbi-realestate.de\/en\/newsletter\/#breadcrumb","itemListElement":[{"@type":"ListItem","position":1,"name":"Startseite","item":"https:\/\/bbi-realestate.de\/"},{"@type":"ListItem","position":2,"name":"Newsletter"}]},{"@type":"WebSite","@id":"https:\/\/bbi-realestate.de\/#website","url":"https:\/\/bbi-realestate.de\/","name":"BBI Realestate","description":"","publisher":{"@id":"https:\/\/bbi-realestate.de\/#organization"},"potentialAction":[{"@type":"SearchAction","target":{"@type":"EntryPoint","urlTemplate":"https:\/\/bbi-realestate.de\/?s={search_term_string}"},"query-input":{"@type":"PropertyValueSpecification","valueRequired":true,"valueName":"search_term_string"}}],"inLanguage":"en-GB"},{"@type":"Organization","@id":"https:\/\/bbi-realestate.de\/#organization","name":"BBI Realestate","url":"https:\/\/bbi-realestate.de\/","logo":{"@type":"ImageObject","inLanguage":"en-GB","@id":"https:\/\/bbi-realestate.de\/#\/schema\/logo\/image\/","url":"https:\/\/bbi-realestate.de\/wp-content\/uploads\/2024\/10\/cropped-cropped-logo2.png","contentUrl":"https:\/\/bbi-realestate.de\/wp-content\/uploads\/2024\/10\/cropped-cropped-logo2.png","width":512,"height":512,"caption":"BBI Realestate"},"image":{"@id":"https:\/\/bbi-realestate.de\/#\/schema\/logo\/image\/"}}]}},"_links":{"self":[{"href":"https:\/\/bbi-realestate.de\/en\/wp-json\/wp\/v2\/pages\/953","targetHints":{"allow":["GET"]}}],"collection":[{"href":"https:\/\/bbi-realestate.de\/en\/wp-json\/wp\/v2\/pages"}],"about":[{"href":"https:\/\/bbi-realestate.de\/en\/wp-json\/wp\/v2\/types\/page"}],"author":[{"embeddable":true,"href":"https:\/\/bbi-realestate.de\/en\/wp-json\/wp\/v2\/users\/1"}],"replies":[{"embeddable":true,"href":"https:\/\/bbi-realestate.de\/en\/wp-json\/wp\/v2\/comments?post=953"}],"version-history":[{"count":8,"href":"https:\/\/bbi-realestate.de\/en\/wp-json\/wp\/v2\/pages\/953\/revisions"}],"predecessor-version":[{"id":1609,"href":"https:\/\/bbi-realestate.de\/en\/wp-json\/wp\/v2\/pages\/953\/revisions\/1609"}],"wp:attachment":[{"href":"https:\/\/bbi-realestate.de\/en\/wp-json\/wp\/v2\/media?parent=953"}],"curies":[{"name":"wp","href":"https:\/\/api.w.org\/{rel}","templated":true}]}}