{"id":873,"date":"2024-10-20T20:35:19","date_gmt":"2024-10-20T18:35:19","guid":{"rendered":"https:\/\/bbi-realestate.de\/?page_id=873"},"modified":"2026-03-27T16:35:30","modified_gmt":"2026-03-27T15:35:30","slug":"team","status":"publish","type":"page","link":"https:\/\/bbi-realestate.de\/en\/team\/","title":{"rendered":"Team"},"content":{"rendered":"<div class=\"wp-block-group is-layout-flow wp-block-group-is-layout-flow\">\n<div class=\"wp-block-cover\" style=\"padding-top:20px;padding-right:0px;padding-bottom:0px;padding-left:0px\"><img loading=\"lazy\" decoding=\"async\" width=\"2560\" height=\"1707\" class=\"wp-block-cover__image-background wp-image-1327\" alt=\"\" src=\"https:\/\/bbi-realestate.de\/wp-content\/uploads\/2024\/10\/team-teamwork-togetherness-collaboration-concept-2024-10-22-04-19-11-utc-scaled.jpg\" data-object-fit=\"cover\" srcset=\"https:\/\/bbi-realestate.de\/wp-content\/uploads\/2024\/10\/team-teamwork-togetherness-collaboration-concept-2024-10-22-04-19-11-utc-scaled.jpg 2560w, https:\/\/bbi-realestate.de\/wp-content\/uploads\/2024\/10\/team-teamwork-togetherness-collaboration-concept-2024-10-22-04-19-11-utc-300x200.jpg 300w, https:\/\/bbi-realestate.de\/wp-content\/uploads\/2024\/10\/team-teamwork-togetherness-collaboration-concept-2024-10-22-04-19-11-utc-1024x683.jpg 1024w, https:\/\/bbi-realestate.de\/wp-content\/uploads\/2024\/10\/team-teamwork-togetherness-collaboration-concept-2024-10-22-04-19-11-utc-768x512.jpg 768w, https:\/\/bbi-realestate.de\/wp-content\/uploads\/2024\/10\/team-teamwork-togetherness-collaboration-concept-2024-10-22-04-19-11-utc-1536x1024.jpg 1536w, https:\/\/bbi-realestate.de\/wp-content\/uploads\/2024\/10\/team-teamwork-togetherness-collaboration-concept-2024-10-22-04-19-11-utc-2048x1365.jpg 2048w, https:\/\/bbi-realestate.de\/wp-content\/uploads\/2024\/10\/team-teamwork-togetherness-collaboration-concept-2024-10-22-04-19-11-utc-18x12.jpg 18w\" sizes=\"auto, (max-width: 2560px) 100vw, 2560px\" \/><span aria-hidden=\"true\" class=\"wp-block-cover__background has-background-dim-70 has-background-dim\" style=\"background-color:#181818\"><\/span><div class=\"wp-block-cover__inner-container is-layout-flow wp-block-cover-is-layout-flow\">\n<div class=\"wp-block-group is-layout-constrained wp-container-core-group-is-layout-641d9b01 wp-block-group-is-layout-constrained\" style=\"padding-top:200px;padding-right:20px;padding-bottom:0px;padding-left:20px\">\n<div class=\"wp-block-columns is-layout-flex wp-container-core-columns-is-layout-28f84493 wp-block-columns-is-layout-flex\">\n<div class=\"wp-block-column is-layout-flow wp-block-column-is-layout-flow\" style=\"padding-right:20px;flex-basis:60%\">\n<h2 class=\"wp-block-heading restance-animate restance-move-right restance-delay-1 has-white-color has-text-color has-heading-1-font-size\">Team<\/h2>\n<\/div>\n\n\n\n<div class=\"wp-block-column is-layout-flow wp-block-column-is-layout-flow\" style=\"flex-basis:40%\"><\/div>\n<\/div>\n<\/div>\n\n\n\n<div class=\"wp-block-columns restance-margin-top-n100 restance-z-index-10 is-style-default is-layout-flex wp-container-core-columns-is-layout-d4c80533 wp-block-columns-is-layout-flex\" style=\"margin-top:0px;margin-bottom:0px;padding-top:0px;padding-right:0px;padding-bottom:0px;padding-left:0px\">\n<div class=\"wp-block-column is-layout-flow wp-block-column-is-layout-flow\" style=\"padding-bottom:0px;flex-basis:100%\">\n<div class=\"wp-block-cover restance-margin-top-n100 restance-z-index-11 is-style-default\" style=\"padding-top:0px;padding-right:0px;padding-bottom:0px;padding-left:0px;min-height:522px;aspect-ratio:unset;\"><img decoding=\"async\" class=\"wp-block-cover__image-background wp-image-1607\" alt=\"\" src=\"https:\/\/bbi-realestate.de\/wp-content\/themes\/restance\/assets\/img\/shape-divider.webp\" style=\"object-position:50% 50%\" data-object-fit=\"cover\" data-object-position=\"50% 50%\"\/><span aria-hidden=\"true\" class=\"wp-block-cover__background has-white-background-color has-background-dim-0 has-background-dim\"><\/span><div class=\"wp-block-cover__inner-container is-layout-flow wp-block-cover-is-layout-flow\">\n<p class=\"has-text-align-center has-large-font-size\"><\/p>\n<\/div><\/div>\n<\/div>\n<\/div>\n<\/div><\/div>\n<\/div>\n\n\n\n<div class=\"wp-block-group is-layout-constrained wp-container-core-group-is-layout-f4e982c5 wp-block-group-is-layout-constrained\" style=\"padding-top:100px;padding-right:0px;padding-bottom:0px;padding-left:0px\">\n<p class=\"has-text-align-center restance-animate restance-move-up restance-delay-1 has-secondary-color has-text-color has-heading-5-font-size\" style=\"font-style:normal;font-weight:700;letter-spacing:1px;line-height:0.9;text-transform:uppercase\">Das sind wir<\/p>\n\n\n\n<h2 class=\"wp-block-heading has-text-align-center restance-animate restance-move-up restance-delay-3 has-primary-color has-text-color has-heading-2-font-size\" style=\"line-height:0.9\">Unser Team<\/h2>\n\n\n\n<div class=\"wp-block-columns is-layout-flex wp-container-core-columns-is-layout-11298c6d wp-block-columns-is-layout-flex\" style=\"padding-bottom:20px\">\n<div class=\"wp-block-column restance-animate restance-move-up restance-delay-5 is-layout-constrained wp-container-core-column-is-layout-6ec501fb wp-block-column-is-layout-constrained\" style=\"flex-basis:100%\">\n<p class=\"has-text-align-center has-text-color has-tiny-font-size\" style=\"color:#787878;font-style:normal;font-weight:300\">Our experienced team is here to reliably support you with advice and assistance.<\/p>\n<\/div>\n<\/div>\n\n\n\n<div class=\"wp-block-group is-layout-constrained wp-container-core-group-is-layout-4f18ad88 wp-block-group-is-layout-constrained\" style=\"padding-top:0px;padding-right:0px;padding-bottom:0px;padding-left:0px\">\n<div class=\"wp-block-columns is-layout-flex wp-container-core-columns-is-layout-28f84493 wp-block-columns-is-layout-flex\">\n<div class=\"wp-block-column restance-animate restance-move-up restance-delay-1 has-white-background-color has-background is-layout-flow wp-block-column-is-layout-flow\">\n<figure class=\"wp-block-image aligncenter size-full is-resized wp-duotone-grayscale\"><img loading=\"lazy\" decoding=\"async\" width=\"971\" height=\"971\" src=\"http:\/\/bbi-realestate.de\/wp-content\/uploads\/2026\/03\/tosun-bild.jpg\" alt=\"\" class=\"wp-image-1632\" style=\"width:214px;height:auto\" srcset=\"https:\/\/bbi-realestate.de\/wp-content\/uploads\/2026\/03\/tosun-bild.jpg 971w, https:\/\/bbi-realestate.de\/wp-content\/uploads\/2026\/03\/tosun-bild-300x300.jpg 300w, https:\/\/bbi-realestate.de\/wp-content\/uploads\/2026\/03\/tosun-bild-150x150.jpg 150w, https:\/\/bbi-realestate.de\/wp-content\/uploads\/2026\/03\/tosun-bild-768x768.jpg 768w, https:\/\/bbi-realestate.de\/wp-content\/uploads\/2026\/03\/tosun-bild-12x12.jpg 12w\" sizes=\"auto, (max-width: 971px) 100vw, 971px\" \/><\/figure>\n\n\n\n<div class=\"wp-block-group is-layout-flow wp-block-group-is-layout-flow\" style=\"padding-top:0;padding-right:0px;padding-bottom:0;padding-left:0px\">\n<p class=\"has-text-align-center restance-animate restance-move-up restance-delay-1 has-secondary-color has-text-color has-heading-5-font-size\" style=\"font-style:normal;font-weight:700;letter-spacing:1px;line-height:0.9;text-transform:uppercase\">Managing Director<\/p>\n\n\n\n<h3 class=\"wp-block-heading has-text-align-center\">Mahmut Nedimi Tosun<\/h3>\n\n\n\n<p class=\"has-text-align-center restance-animate restance-move-up restance-delay-1 has-secondary-color has-text-color has-heading-5-font-size\" style=\"font-style:normal;font-weight:700;letter-spacing:1px;line-height:0.9;text-transform:uppercase\"><\/p>\n<\/div>\n<\/div>\n\n\n\n<div class=\"wp-block-column restance-animate restance-move-up restance-delay-7 has-white-background-color has-background is-layout-flow wp-block-column-is-layout-flow\">\n<figure class=\"wp-block-image aligncenter size-large is-resized wp-duotone-grayscale\"><img loading=\"lazy\" decoding=\"async\" width=\"780\" height=\"780\" src=\"https:\/\/bbi-realestate.de\/wp-content\/uploads\/2026\/03\/Dipl.ing-Oezcan-Kar-edited.jpg\" alt=\"Dipl. Ing. \u00d6zcan Kar\" class=\"wp-image-1633\" style=\"width:215px;height:auto\" srcset=\"https:\/\/bbi-realestate.de\/wp-content\/uploads\/2026\/03\/Dipl.ing-Oezcan-Kar-edited.jpg 780w, https:\/\/bbi-realestate.de\/wp-content\/uploads\/2026\/03\/Dipl.ing-Oezcan-Kar-edited-300x300.jpg 300w, https:\/\/bbi-realestate.de\/wp-content\/uploads\/2026\/03\/Dipl.ing-Oezcan-Kar-edited-150x150.jpg 150w, https:\/\/bbi-realestate.de\/wp-content\/uploads\/2026\/03\/Dipl.ing-Oezcan-Kar-edited-768x768.jpg 768w, https:\/\/bbi-realestate.de\/wp-content\/uploads\/2026\/03\/Dipl.ing-Oezcan-Kar-edited-12x12.jpg 12w\" sizes=\"auto, (max-width: 780px) 100vw, 780px\" \/><\/figure>\n\n\n\n<p class=\"has-text-align-center restance-animate restance-move-up restance-delay-1 has-secondary-color has-text-color has-heading-5-font-size\" style=\"font-style:normal;font-weight:700;letter-spacing:1px;line-height:0.9;text-transform:uppercase\"><\/p>\n\n\n\n<div class=\"wp-block-group is-layout-flow wp-block-group-is-layout-flow\" style=\"padding-top:0;padding-right:0px;padding-bottom:0;padding-left:0px\">\n<p class=\"has-text-align-center restance-animate restance-move-up restance-delay-1 has-secondary-color has-text-color has-heading-5-font-size\" style=\"font-style:normal;font-weight:700;letter-spacing:1px;line-height:0.9;text-transform:uppercase\">DIPL. Architekt<\/p>\n\n\n\n<h3 class=\"wp-block-heading has-text-align-center\">\u00d6zcan Kar<\/h3>\n<\/div>\n<\/div>\n<\/div>\n<\/div>\n<\/div>\n\n\n\n<div class=\"wp-block-group is-layout-flow wp-block-group-is-layout-flow\">\n<div class=\"wp-block-group is-layout-flow wp-block-group-is-layout-flow\">\n<div class=\"wp-block-columns is-layout-flex wp-container-core-columns-is-layout-28f84493 wp-block-columns-is-layout-flex\">\n<div class=\"wp-block-column is-layout-flow wp-block-column-is-layout-flow\">\n<div class=\"wp-block-group is-layout-flow wp-block-group-is-layout-flow\">\n<div class=\"wp-block-cover\" style=\"min-height:430px;aspect-ratio:unset;\"><img decoding=\"async\" class=\"wp-block-cover__image-background wp-image-153\" alt=\"\" src=\"https:\/\/realestate.codepatrons.com\/wp-content\/uploads\/2024\/10\/business-meeting-in-office-2024-09-18-14-19-48-utc-scaled.jpg\" data-object-fit=\"cover\"\/><span aria-hidden=\"true\" class=\"wp-block-cover__background has-sixth-background-color has-background-dim-70 has-background-dim\"><\/span><div class=\"wp-block-cover__inner-container is-layout-flow wp-block-cover-is-layout-flow\">\n<div class=\"wp-block-group is-layout-flow wp-block-group-is-layout-flow\" style=\"padding-top:0px;padding-right:0px;padding-bottom:100px;padding-left:0px\">\n<div class=\"wp-block-columns is-layout-flex wp-container-core-columns-is-layout-c6bc58be wp-block-columns-is-layout-flex\" style=\"padding-top:0px;padding-right:0px;padding-bottom:0px;padding-left:0px\">\n<div class=\"wp-block-column is-layout-flow wp-block-column-is-layout-flow\" style=\"padding-top:140px;padding-right:0px;padding-bottom:0px;padding-left:0px;flex-basis:100%\">\n<h2 class=\"wp-block-heading has-text-align-center restance-animate restance-move-up restance-delay-1 has-white-color has-text-color has-heading-2-font-size\" style=\"font-style:normal;font-weight:600;letter-spacing:2px;text-transform:capitalize\">Non-binding conversation?<\/h2>\n\n\n\n<div class=\"wp-block-columns restance-z-index-10 is-layout-flex wp-container-core-columns-is-layout-e9fba9fb wp-block-columns-is-layout-flex\" style=\"padding-bottom:0px;padding-left:0px\">\n<div class=\"wp-block-column is-layout-constrained wp-container-core-column-is-layout-493cdb6e wp-block-column-is-layout-constrained\" style=\"padding-top:0px;padding-right:0px;padding-bottom:0px;padding-left:0px;flex-basis:100%\">\n<p class=\"has-text-align-center restance-animate restance-move-up restance-delay-3 has-forth-color has-text-color has-tiny-font-size\" style=\"font-style:normal;font-weight:300\">Contact us today by phone or email:<\/p>\n<\/div>\n<\/div>\n<\/div>\n<\/div>\n<\/div>\n<\/div><\/div>\n<\/div>\n<\/div>\n<\/div>\n\n\n\n<div class=\"wp-block-columns restance-margin-top-n100 is-style-default is-layout-flex wp-container-core-columns-is-layout-28f84493 wp-block-columns-is-layout-flex\">\n<div class=\"wp-block-column restance-margin-top-n100 restance-z-index-10 is-style-default is-layout-flow wp-block-column-is-layout-flow\" style=\"flex-basis:100%\">\n<div class=\"wp-block-cover is-light restance-margin-top-n100 is-style-default\" style=\"padding-bottom:0px;min-height:300px;aspect-ratio:unset;\"><img decoding=\"async\" class=\"wp-block-cover__image-background wp-image-1609\" alt=\"\" src=\"https:\/\/realestate.codepatrons.com\/wp-content\/themes\/restance\/assets\/img\/shape-divider-2.webp\" data-object-fit=\"cover\"\/><span aria-hidden=\"true\" class=\"wp-block-cover__background has-background-dim-0 has-background-dim\"><\/span><div class=\"wp-block-cover__inner-container is-layout-flow wp-block-cover-is-layout-flow\">\n<h2 class=\"wp-block-heading hidden\">Non-binding conversation?<\/h2>\n\n\n\n<p class=\"hidden\">Feel free to contact us directly or take a look at the project brochure for more information<\/p>\n\n\n\n<div class=\"wp-block-buttons is-content-justification-center is-layout-flex wp-container-core-buttons-is-layout-b30bd9b3 wp-block-buttons-is-layout-flex\" style=\"margin-top:var(--wp--preset--spacing--70)\">\n<div class=\"wp-block-button\"><a class=\"wp-block-button__link wp-element-button\" href=\"https:\/\/bbi-realestate.de\/en\/kontakt-2\/\">Contact<\/a><\/div>\n<\/div>\n<\/div><\/div>\n<\/div>\n<\/div>\n<\/div>\n<\/div>","protected":false},"excerpt":{"rendered":"<p>Das sind wir Unser Team Unser erfahrenes Team steht Ihnen bei s\u00e4mtlichen Angelegenheiten zuverl\u00e4ssig mit Rat und Tat zur Seite. Gesch\u00e4fts\u00fchrer Mahmut Nedimi Tosun DIPL. Architekt \u00d6zcan Kar<\/p>","protected":false},"author":1,"featured_media":0,"parent":0,"menu_order":0,"comment_status":"closed","ping_status":"closed","template":"","meta":{"footnotes":""},"class_list":["post-873","page","type-page","status-publish","hentry"],"yoast_head":"<!-- This site is optimized with the Yoast SEO plugin v23.8 - https:\/\/yoast.com\/wordpress\/plugins\/seo\/ -->\n<title>Team - BBI Realestate Immobilien in Berlin &amp; Brandenburg \u2013 Grundst\u00fccke, H\u00e4user &amp; Wohnungen kaufen bei BBI Real Estate<\/title>\n<meta name=\"description\" content=\"BBI Real Estate ist Ihr Partner f\u00fcr Immobilien in Berlin &amp; Brandenburg. Wir bieten Grundst\u00fccke, H\u00e4user und Wohnungen zum Kauf sowie umfassenden Service von der Beratung bis zur Finanzierung.\" \/>\n<meta name=\"robots\" content=\"index, follow, max-snippet:-1, max-image-preview:large, max-video-preview:-1\" \/>\n<link rel=\"canonical\" href=\"https:\/\/bbi-realestate.de\/en\/team\/\" \/>\n<meta property=\"og:locale\" content=\"en_GB\" \/>\n<meta property=\"og:type\" content=\"article\" \/>\n<meta property=\"og:title\" content=\"Team - BBI Realestate Immobilien in Berlin &amp; Brandenburg \u2013 Grundst\u00fccke, H\u00e4user &amp; Wohnungen kaufen bei BBI Real Estate\" \/>\n<meta property=\"og:description\" content=\"BBI Real Estate ist Ihr Partner f\u00fcr Immobilien in Berlin &amp; Brandenburg. Wir bieten Grundst\u00fccke, H\u00e4user und Wohnungen zum Kauf sowie umfassenden Service von der Beratung bis zur Finanzierung.\" \/>\n<meta property=\"og:url\" content=\"https:\/\/bbi-realestate.de\/en\/team\/\" \/>\n<meta property=\"og:site_name\" content=\"BBI Realestate\" \/>\n<meta property=\"article:modified_time\" content=\"2026-03-27T15:35:30+00:00\" \/>\n<meta property=\"og:image\" content=\"https:\/\/bbi-realestate.de\/wp-content\/uploads\/2024\/10\/team-teamwork-togetherness-collaboration-concept-2024-10-22-04-19-11-utc-scaled.jpg\" \/>\n<meta name=\"twitter:card\" content=\"summary_large_image\" \/>\n<meta name=\"twitter:label1\" content=\"Estimated reading time\" \/>\n\t<meta name=\"twitter:data1\" content=\"2 minutes\" \/>\n<script type=\"application\/ld+json\" class=\"yoast-schema-graph\">{\"@context\":\"https:\/\/schema.org\",\"@graph\":[{\"@type\":\"WebPage\",\"@id\":\"https:\/\/bbi-realestate.de\/team\/\",\"url\":\"https:\/\/bbi-realestate.de\/team\/\",\"name\":\"Team - BBI Realestate Immobilien in Berlin & Brandenburg \u2013 Grundst\u00fccke, H\u00e4user & Wohnungen kaufen bei BBI Real Estate\",\"isPartOf\":{\"@id\":\"http:\/\/bbi-realestate.de\/#website\"},\"primaryImageOfPage\":{\"@id\":\"https:\/\/bbi-realestate.de\/team\/#primaryimage\"},\"image\":{\"@id\":\"https:\/\/bbi-realestate.de\/team\/#primaryimage\"},\"thumbnailUrl\":\"https:\/\/bbi-realestate.de\/wp-content\/uploads\/2024\/10\/team-teamwork-togetherness-collaboration-concept-2024-10-22-04-19-11-utc-scaled.jpg\",\"datePublished\":\"2024-10-20T18:35:19+00:00\",\"dateModified\":\"2026-03-27T15:35:30+00:00\",\"description\":\"BBI Real Estate ist Ihr Partner f\u00fcr Immobilien in Berlin & Brandenburg. Wir bieten Grundst\u00fccke, H\u00e4user und Wohnungen zum Kauf sowie umfassenden Service von der Beratung bis zur Finanzierung.\",\"breadcrumb\":{\"@id\":\"https:\/\/bbi-realestate.de\/team\/#breadcrumb\"},\"inLanguage\":\"en-GB\",\"potentialAction\":[{\"@type\":\"ReadAction\",\"target\":[\"https:\/\/bbi-realestate.de\/team\/\"]}]},{\"@type\":\"ImageObject\",\"inLanguage\":\"en-GB\",\"@id\":\"https:\/\/bbi-realestate.de\/team\/#primaryimage\",\"url\":\"https:\/\/bbi-realestate.de\/wp-content\/uploads\/2024\/10\/team-teamwork-togetherness-collaboration-concept-2024-10-22-04-19-11-utc-scaled.jpg\",\"contentUrl\":\"https:\/\/bbi-realestate.de\/wp-content\/uploads\/2024\/10\/team-teamwork-togetherness-collaboration-concept-2024-10-22-04-19-11-utc-scaled.jpg\"},{\"@type\":\"BreadcrumbList\",\"@id\":\"https:\/\/bbi-realestate.de\/team\/#breadcrumb\",\"itemListElement\":[{\"@type\":\"ListItem\",\"position\":1,\"name\":\"Startseite\",\"item\":\"https:\/\/bbi-realestate.de\/\"},{\"@type\":\"ListItem\",\"position\":2,\"name\":\"Team\"}]},{\"@type\":\"WebSite\",\"@id\":\"http:\/\/bbi-realestate.de\/#website\",\"url\":\"http:\/\/bbi-realestate.de\/\",\"name\":\"BBI Realestate\",\"description\":\"\",\"publisher\":{\"@id\":\"http:\/\/bbi-realestate.de\/#organization\"},\"potentialAction\":[{\"@type\":\"SearchAction\",\"target\":{\"@type\":\"EntryPoint\",\"urlTemplate\":\"http:\/\/bbi-realestate.de\/?s={search_term_string}\"},\"query-input\":{\"@type\":\"PropertyValueSpecification\",\"valueRequired\":true,\"valueName\":\"search_term_string\"}}],\"inLanguage\":\"en-GB\"},{\"@type\":\"Organization\",\"@id\":\"http:\/\/bbi-realestate.de\/#organization\",\"name\":\"BBI Realestate\",\"url\":\"http:\/\/bbi-realestate.de\/\",\"logo\":{\"@type\":\"ImageObject\",\"inLanguage\":\"en-GB\",\"@id\":\"http:\/\/bbi-realestate.de\/#\/schema\/logo\/image\/\",\"url\":\"https:\/\/bbi-realestate.de\/wp-content\/uploads\/2024\/10\/cropped-cropped-logo2.png\",\"contentUrl\":\"https:\/\/bbi-realestate.de\/wp-content\/uploads\/2024\/10\/cropped-cropped-logo2.png\",\"width\":512,\"height\":512,\"caption\":\"BBI Realestate\"},\"image\":{\"@id\":\"http:\/\/bbi-realestate.de\/#\/schema\/logo\/image\/\"}}]}<\/script>\n<!-- \/ Yoast SEO plugin. -->","yoast_head_json":{"title":"Team - BBI Realestate Immobilien in Berlin & Brandenburg \u2013 Grundst\u00fccke, H\u00e4user & Wohnungen kaufen bei BBI Real Estate","description":"BBI Real Estate ist Ihr Partner f\u00fcr Immobilien in Berlin & Brandenburg. Wir bieten Grundst\u00fccke, H\u00e4user und Wohnungen zum Kauf sowie umfassenden Service von der Beratung bis zur Finanzierung.","robots":{"index":"index","follow":"follow","max-snippet":"max-snippet:-1","max-image-preview":"max-image-preview:large","max-video-preview":"max-video-preview:-1"},"canonical":"https:\/\/bbi-realestate.de\/en\/team\/","og_locale":"en_GB","og_type":"article","og_title":"Team - BBI Realestate Immobilien in Berlin & Brandenburg \u2013 Grundst\u00fccke, H\u00e4user & Wohnungen kaufen bei BBI Real Estate","og_description":"BBI Real Estate ist Ihr Partner f\u00fcr Immobilien in Berlin & Brandenburg. Wir bieten Grundst\u00fccke, H\u00e4user und Wohnungen zum Kauf sowie umfassenden Service von der Beratung bis zur Finanzierung.","og_url":"https:\/\/bbi-realestate.de\/en\/team\/","og_site_name":"BBI Realestate","article_modified_time":"2026-03-27T15:35:30+00:00","og_image":[{"url":"https:\/\/bbi-realestate.de\/wp-content\/uploads\/2024\/10\/team-teamwork-togetherness-collaboration-concept-2024-10-22-04-19-11-utc-scaled.jpg"}],"twitter_card":"summary_large_image","twitter_misc":{"Estimated reading time":"2 minutes"},"schema":{"@context":"https:\/\/schema.org","@graph":[{"@type":"WebPage","@id":"https:\/\/bbi-realestate.de\/team\/","url":"https:\/\/bbi-realestate.de\/team\/","name":"Team - BBI Realestate Immobilien in Berlin & Brandenburg \u2013 Grundst\u00fccke, H\u00e4user & Wohnungen kaufen bei BBI Real Estate","isPartOf":{"@id":"http:\/\/bbi-realestate.de\/#website"},"primaryImageOfPage":{"@id":"https:\/\/bbi-realestate.de\/team\/#primaryimage"},"image":{"@id":"https:\/\/bbi-realestate.de\/team\/#primaryimage"},"thumbnailUrl":"https:\/\/bbi-realestate.de\/wp-content\/uploads\/2024\/10\/team-teamwork-togetherness-collaboration-concept-2024-10-22-04-19-11-utc-scaled.jpg","datePublished":"2024-10-20T18:35:19+00:00","dateModified":"2026-03-27T15:35:30+00:00","description":"BBI Real Estate ist Ihr Partner f\u00fcr Immobilien in Berlin & Brandenburg. Wir bieten Grundst\u00fccke, H\u00e4user und Wohnungen zum Kauf sowie umfassenden Service von der Beratung bis zur Finanzierung.","breadcrumb":{"@id":"https:\/\/bbi-realestate.de\/team\/#breadcrumb"},"inLanguage":"en-GB","potentialAction":[{"@type":"ReadAction","target":["https:\/\/bbi-realestate.de\/team\/"]}]},{"@type":"ImageObject","inLanguage":"en-GB","@id":"https:\/\/bbi-realestate.de\/team\/#primaryimage","url":"https:\/\/bbi-realestate.de\/wp-content\/uploads\/2024\/10\/team-teamwork-togetherness-collaboration-concept-2024-10-22-04-19-11-utc-scaled.jpg","contentUrl":"https:\/\/bbi-realestate.de\/wp-content\/uploads\/2024\/10\/team-teamwork-togetherness-collaboration-concept-2024-10-22-04-19-11-utc-scaled.jpg"},{"@type":"BreadcrumbList","@id":"https:\/\/bbi-realestate.de\/team\/#breadcrumb","itemListElement":[{"@type":"ListItem","position":1,"name":"Startseite","item":"https:\/\/bbi-realestate.de\/"},{"@type":"ListItem","position":2,"name":"Team"}]},{"@type":"WebSite","@id":"http:\/\/bbi-realestate.de\/#website","url":"http:\/\/bbi-realestate.de\/","name":"BBI Realestate","description":"","publisher":{"@id":"http:\/\/bbi-realestate.de\/#organization"},"potentialAction":[{"@type":"SearchAction","target":{"@type":"EntryPoint","urlTemplate":"http:\/\/bbi-realestate.de\/?s={search_term_string}"},"query-input":{"@type":"PropertyValueSpecification","valueRequired":true,"valueName":"search_term_string"}}],"inLanguage":"en-GB"},{"@type":"Organization","@id":"http:\/\/bbi-realestate.de\/#organization","name":"BBI Realestate","url":"http:\/\/bbi-realestate.de\/","logo":{"@type":"ImageObject","inLanguage":"en-GB","@id":"http:\/\/bbi-realestate.de\/#\/schema\/logo\/image\/","url":"https:\/\/bbi-realestate.de\/wp-content\/uploads\/2024\/10\/cropped-cropped-logo2.png","contentUrl":"https:\/\/bbi-realestate.de\/wp-content\/uploads\/2024\/10\/cropped-cropped-logo2.png","width":512,"height":512,"caption":"BBI Realestate"},"image":{"@id":"http:\/\/bbi-realestate.de\/#\/schema\/logo\/image\/"}}]}},"_links":{"self":[{"href":"https:\/\/bbi-realestate.de\/en\/wp-json\/wp\/v2\/pages\/873","targetHints":{"allow":["GET"]}}],"collection":[{"href":"https:\/\/bbi-realestate.de\/en\/wp-json\/wp\/v2\/pages"}],"about":[{"href":"https:\/\/bbi-realestate.de\/en\/wp-json\/wp\/v2\/types\/page"}],"author":[{"embeddable":true,"href":"https:\/\/bbi-realestate.de\/en\/wp-json\/wp\/v2\/users\/1"}],"replies":[{"embeddable":true,"href":"https:\/\/bbi-realestate.de\/en\/wp-json\/wp\/v2\/comments?post=873"}],"version-history":[{"count":16,"href":"https:\/\/bbi-realestate.de\/en\/wp-json\/wp\/v2\/pages\/873\/revisions"}],"predecessor-version":[{"id":1634,"href":"https:\/\/bbi-realestate.de\/en\/wp-json\/wp\/v2\/pages\/873\/revisions\/1634"}],"wp:attachment":[{"href":"https:\/\/bbi-realestate.de\/en\/wp-json\/wp\/v2\/media?parent=873"}],"curies":[{"name":"wp","href":"https:\/\/api.w.org\/{rel}","templated":true}]}}