{"id":868,"date":"2024-10-20T20:30:23","date_gmt":"2024-10-20T18:30:23","guid":{"rendered":"https:\/\/bbi-realestate.de\/?page_id=868"},"modified":"2024-11-28T23:11:25","modified_gmt":"2024-11-28T22:11:25","slug":"kontakt-2","status":"publish","type":"page","link":"https:\/\/bbi-realestate.de\/en\/kontakt-2\/","title":{"rendered":"Contact"},"content":{"rendered":"<div class=\"wp-block-group is-layout-constrained wp-container-core-group-is-layout-5387c6dc wp-block-group-is-layout-constrained\" style=\"padding-top:40px;padding-right:20px;padding-bottom:100px;padding-left:20px\">\n<div class=\"wp-block-columns is-layout-flex wp-container-core-columns-is-layout-997ef4c2 wp-block-columns-is-layout-flex\" style=\"padding-right:20px;padding-bottom:30px;padding-left:0px\">\n<div class=\"wp-block-column is-layout-flow wp-block-column-is-layout-flow\" style=\"flex-basis:45%\">\n<p class=\"has-text-align-left restance-animate restance-move-right restance-delay-1 has-secondary-color has-text-color has-heading-5-font-size\" style=\"font-style:normal;font-weight:700;letter-spacing:1px;line-height:0.9;text-transform:uppercase\">How to reach us<\/p>\n\n\n\n<h2 class=\"wp-block-heading has-text-align-left restance-animate restance-move-right restance-delay-3 has-primary-color has-text-color has-heading-2-font-size\" style=\"line-height:1\">Contact<\/h2>\n\n\n\n<div class=\"wp-block-columns is-layout-flex wp-container-core-columns-is-layout-28f84493 wp-block-columns-is-layout-flex\">\n<div class=\"wp-block-column is-layout-flow wp-block-column-is-layout-flow\" style=\"flex-basis:100%\">\n<p class=\"has-text-align-left restance-animate restance-move-right restance-delay-5 has-text-color has-tiny-font-size\" style=\"color:#787878;font-style:normal;font-weight:300\">Send us your individual question or simply arrange a non-binding consultation<\/p>\n<\/div>\n<\/div>\n<\/div>\n<\/div>\n\n\n\n<div class=\"wp-block-group is-layout-flow wp-block-group-is-layout-flow\">\n<div class=\"wp-block-columns is-layout-flex wp-container-core-columns-is-layout-28f84493 wp-block-columns-is-layout-flex\">\n<div class=\"wp-block-column is-vertically-aligned-center restance-animate restance-move-right restance-delay-1 is-layout-flow wp-block-column-is-layout-flow\" style=\"flex-basis:62%\">\n<figure class=\"wp-block-image aligncenter size-large\"><img loading=\"lazy\" decoding=\"async\" width=\"1024\" height=\"683\" src=\"https:\/\/bbi-realestate.de\/wp-content\/uploads\/2024\/10\/business-meeting-in-office-2024-09-18-14-19-48-utc-1024x683.webp\" alt=\"\" class=\"wp-image-896\" srcset=\"https:\/\/bbi-realestate.de\/wp-content\/uploads\/2024\/10\/business-meeting-in-office-2024-09-18-14-19-48-utc-1024x683.webp 1024w, https:\/\/bbi-realestate.de\/wp-content\/uploads\/2024\/10\/business-meeting-in-office-2024-09-18-14-19-48-utc-300x200.webp 300w, https:\/\/bbi-realestate.de\/wp-content\/uploads\/2024\/10\/business-meeting-in-office-2024-09-18-14-19-48-utc-768x512.webp 768w, https:\/\/bbi-realestate.de\/wp-content\/uploads\/2024\/10\/business-meeting-in-office-2024-09-18-14-19-48-utc.webp 1280w\" sizes=\"auto, (max-width: 1024px) 100vw, 1024px\" \/><\/figure>\n<\/div>\n\n\n\n<div class=\"wp-block-column is-vertically-aligned-center is-layout-flow wp-block-column-is-layout-flow\" style=\"padding-right:20px;padding-left:20px;flex-basis:38%\">\n<div class=\"wp-block-group is-layout-flow wp-block-group-is-layout-flow\">\n<div class=\"wp-block-columns restance-animate restance-move-left restance-delay-3 is-layout-flex wp-container-core-columns-is-layout-28f84493 wp-block-columns-is-layout-flex\">\n<div class=\"wp-block-column is-vertically-aligned-center is-layout-flow wp-block-column-is-layout-flow\">\n<figure class=\"wp-block-image aligncenter size-full is-resized wp-duotone-grayscale\"><a href=\"mailto:info@bbi-realestate.de\"><img decoding=\"async\" src=\"https:\/\/bbi-realestate.de\/wp-content\/uploads\/2024\/10\/033-mail.svg\" alt=\"\" class=\"wp-image-900\" style=\"width:60px\"\/><\/a><\/figure>\n\n\n\n<h2 class=\"wp-block-heading has-text-align-center has-primary-color has-text-color has-heading-3-font-size\" style=\"margin-top:30px;margin-right:0px;margin-bottom:0px;margin-left:0px;line-height:0.1\"><\/h2>\n\n\n\n<div class=\"wp-block-columns is-layout-flex wp-container-core-columns-is-layout-e935fdff wp-block-columns-is-layout-flex\" style=\"padding-right:20px\">\n<div class=\"wp-block-column is-layout-flow wp-block-column-is-layout-flow\" style=\"flex-basis:100%\">\n<p class=\"has-text-align-left has-text-color has-tiny-font-size\" style=\"color:#787878;font-style:normal;font-weight:300\"><\/p>\n<\/div>\n<\/div>\n<\/div>\n<\/div>\n\n\n\n<div class=\"wp-block-columns restance-animate restance-move-left restance-delay-5 is-layout-flex wp-container-core-columns-is-layout-28f84493 wp-block-columns-is-layout-flex\">\n<div class=\"wp-block-column is-layout-flow wp-block-column-is-layout-flow\">\n<figure class=\"wp-block-image aligncenter size-full is-resized wp-duotone-grayscale\"><a href=\"tel:01522 6575078\"><img decoding=\"async\" src=\"https:\/\/bbi-realestate.de\/wp-content\/uploads\/2024\/10\/028-international-call.svg\" alt=\"\" class=\"wp-image-899\" style=\"width:55px\"\/><\/a><\/figure>\n\n\n\n<h2 class=\"wp-block-heading has-text-align-center has-primary-color has-text-color has-heading-3-font-size\" style=\"margin-top:30px;margin-right:0px;margin-bottom:0px;margin-left:0px;line-height:0.1\"><\/h2>\n\n\n\n<div class=\"wp-block-columns is-layout-flex wp-container-core-columns-is-layout-e935fdff wp-block-columns-is-layout-flex\" style=\"padding-right:20px\">\n<div class=\"wp-block-column is-layout-flow wp-block-column-is-layout-flow\" style=\"flex-basis:100%\">\n<p class=\"has-text-align-left has-text-color has-tiny-font-size\" style=\"color:#787878;font-style:normal;font-weight:300\"><\/p>\n<\/div>\n<\/div>\n<\/div>\n<\/div>\n\n\n\n<div class=\"wp-block-columns restance-animate restance-move-left restance-delay-7 is-layout-flex wp-container-core-columns-is-layout-28f84493 wp-block-columns-is-layout-flex\">\n<div class=\"wp-block-column is-layout-flow wp-block-column-is-layout-flow\">\n<div class=\"wp-block-columns is-layout-flex wp-container-core-columns-is-layout-e935fdff wp-block-columns-is-layout-flex\" style=\"padding-right:20px\">\n<div class=\"wp-block-column is-layout-flow wp-block-column-is-layout-flow\" style=\"flex-basis:100%\">\n<p class=\"has-text-align-center has-text-color has-tiny-font-size\" style=\"color:#787878;font-style:normal;font-weight:300\">Termin nach Reservierung. Termin gleich mit Eigent\u00fcmer.<\/p>\n<\/div>\n<\/div>\n<\/div>\n<\/div>\n<\/div>\n<\/div>\n<\/div>\n<\/div>\n<\/div>","protected":false},"excerpt":{"rendered":"<p>So erreichen sie uns Kontakt Schicken Sie uns Ihre individuelle Frage oder vereinbaren Sie einfach ein unverbindliches Beratungsgespr\u00e4ch Termin nach Reservierung. Termin gleich mit Eigent\u00fcmer.<\/p>","protected":false},"author":1,"featured_media":0,"parent":0,"menu_order":0,"comment_status":"closed","ping_status":"closed","template":"","meta":{"footnotes":""},"class_list":["post-868","page","type-page","status-publish","hentry"],"yoast_head":"<!-- This site is optimized with the Yoast SEO plugin v23.8 - https:\/\/yoast.com\/wordpress\/plugins\/seo\/ -->\n<title>Kontakt - BBI Realestate Immobilien in Berlin &amp; Brandenburg \u2013 Grundst\u00fccke, H\u00e4user &amp; Wohnungen kaufen bei BBI Real Estate<\/title>\n<meta name=\"description\" content=\"BBI Real Estate ist Ihr Partner f\u00fcr Immobilien in Berlin &amp; Brandenburg. Wir bieten Grundst\u00fccke, H\u00e4user und Wohnungen zum Kauf sowie umfassenden Service von der Beratung bis zur Finanzierung.\" \/>\n<meta name=\"robots\" content=\"index, follow, max-snippet:-1, max-image-preview:large, max-video-preview:-1\" \/>\n<link rel=\"canonical\" href=\"http:\/\/bbi-realestate.de\/en\/kontakt-2\/\" \/>\n<meta property=\"og:locale\" content=\"en_GB\" \/>\n<meta property=\"og:type\" content=\"article\" \/>\n<meta property=\"og:title\" content=\"Kontakt - BBI Realestate Immobilien in Berlin &amp; Brandenburg \u2013 Grundst\u00fccke, H\u00e4user &amp; Wohnungen kaufen bei BBI Real Estate\" \/>\n<meta property=\"og:description\" content=\"BBI Real Estate ist Ihr Partner f\u00fcr Immobilien in Berlin &amp; Brandenburg. Wir bieten Grundst\u00fccke, H\u00e4user und Wohnungen zum Kauf sowie umfassenden Service von der Beratung bis zur Finanzierung.\" \/>\n<meta property=\"og:url\" content=\"http:\/\/bbi-realestate.de\/en\/kontakt-2\/\" \/>\n<meta property=\"og:site_name\" content=\"BBI Realestate\" \/>\n<meta property=\"article:modified_time\" content=\"2024-11-28T22:11:25+00:00\" \/>\n<meta property=\"og:image\" content=\"https:\/\/bbi-realestate.de\/wp-content\/uploads\/2024\/10\/business-meeting-in-office-2024-09-18-14-19-48-utc-1024x683.webp\" \/>\n<meta name=\"twitter:card\" content=\"summary_large_image\" \/>\n<meta name=\"twitter:label1\" content=\"Estimated reading time\" \/>\n\t<meta name=\"twitter:data1\" content=\"1 minute\" \/>\n<script type=\"application\/ld+json\" class=\"yoast-schema-graph\">{\"@context\":\"https:\/\/schema.org\",\"@graph\":[{\"@type\":\"WebPage\",\"@id\":\"http:\/\/bbi-realestate.de\/kontakt-2\/\",\"url\":\"http:\/\/bbi-realestate.de\/kontakt-2\/\",\"name\":\"Kontakt - BBI Realestate Immobilien in Berlin & Brandenburg \u2013 Grundst\u00fccke, H\u00e4user & Wohnungen kaufen bei BBI Real Estate\",\"isPartOf\":{\"@id\":\"http:\/\/bbi-realestate.de\/#website\"},\"primaryImageOfPage\":{\"@id\":\"http:\/\/bbi-realestate.de\/kontakt-2\/#primaryimage\"},\"image\":{\"@id\":\"http:\/\/bbi-realestate.de\/kontakt-2\/#primaryimage\"},\"thumbnailUrl\":\"https:\/\/bbi-realestate.de\/wp-content\/uploads\/2024\/10\/business-meeting-in-office-2024-09-18-14-19-48-utc-1024x683.webp\",\"datePublished\":\"2024-10-20T18:30:23+00:00\",\"dateModified\":\"2024-11-28T22:11:25+00:00\",\"description\":\"BBI Real Estate ist Ihr Partner f\u00fcr Immobilien in Berlin & Brandenburg. Wir bieten Grundst\u00fccke, H\u00e4user und Wohnungen zum Kauf sowie umfassenden Service von der Beratung bis zur Finanzierung.\",\"breadcrumb\":{\"@id\":\"http:\/\/bbi-realestate.de\/kontakt-2\/#breadcrumb\"},\"inLanguage\":\"en-GB\",\"potentialAction\":[{\"@type\":\"ReadAction\",\"target\":[\"http:\/\/bbi-realestate.de\/kontakt-2\/\"]}]},{\"@type\":\"ImageObject\",\"inLanguage\":\"en-GB\",\"@id\":\"http:\/\/bbi-realestate.de\/kontakt-2\/#primaryimage\",\"url\":\"https:\/\/bbi-realestate.de\/wp-content\/uploads\/2024\/10\/business-meeting-in-office-2024-09-18-14-19-48-utc-1024x683.webp\",\"contentUrl\":\"https:\/\/bbi-realestate.de\/wp-content\/uploads\/2024\/10\/business-meeting-in-office-2024-09-18-14-19-48-utc-1024x683.webp\"},{\"@type\":\"BreadcrumbList\",\"@id\":\"http:\/\/bbi-realestate.de\/kontakt-2\/#breadcrumb\",\"itemListElement\":[{\"@type\":\"ListItem\",\"position\":1,\"name\":\"Startseite\",\"item\":\"https:\/\/bbi-realestate.de\/\"},{\"@type\":\"ListItem\",\"position\":2,\"name\":\"Kontakt\"}]},{\"@type\":\"WebSite\",\"@id\":\"http:\/\/bbi-realestate.de\/#website\",\"url\":\"http:\/\/bbi-realestate.de\/\",\"name\":\"BBI Realestate\",\"description\":\"\",\"publisher\":{\"@id\":\"http:\/\/bbi-realestate.de\/#organization\"},\"potentialAction\":[{\"@type\":\"SearchAction\",\"target\":{\"@type\":\"EntryPoint\",\"urlTemplate\":\"http:\/\/bbi-realestate.de\/?s={search_term_string}\"},\"query-input\":{\"@type\":\"PropertyValueSpecification\",\"valueRequired\":true,\"valueName\":\"search_term_string\"}}],\"inLanguage\":\"en-GB\"},{\"@type\":\"Organization\",\"@id\":\"http:\/\/bbi-realestate.de\/#organization\",\"name\":\"BBI Realestate\",\"url\":\"http:\/\/bbi-realestate.de\/\",\"logo\":{\"@type\":\"ImageObject\",\"inLanguage\":\"en-GB\",\"@id\":\"http:\/\/bbi-realestate.de\/#\/schema\/logo\/image\/\",\"url\":\"https:\/\/bbi-realestate.de\/wp-content\/uploads\/2024\/10\/cropped-cropped-logo2.png\",\"contentUrl\":\"https:\/\/bbi-realestate.de\/wp-content\/uploads\/2024\/10\/cropped-cropped-logo2.png\",\"width\":512,\"height\":512,\"caption\":\"BBI Realestate\"},\"image\":{\"@id\":\"http:\/\/bbi-realestate.de\/#\/schema\/logo\/image\/\"}}]}<\/script>\n<!-- \/ Yoast SEO plugin. -->","yoast_head_json":{"title":"Kontakt - BBI Realestate Immobilien in Berlin & Brandenburg \u2013 Grundst\u00fccke, H\u00e4user & Wohnungen kaufen bei BBI Real Estate","description":"BBI Real Estate ist Ihr Partner f\u00fcr Immobilien in Berlin & Brandenburg. Wir bieten Grundst\u00fccke, H\u00e4user und Wohnungen zum Kauf sowie umfassenden Service von der Beratung bis zur Finanzierung.","robots":{"index":"index","follow":"follow","max-snippet":"max-snippet:-1","max-image-preview":"max-image-preview:large","max-video-preview":"max-video-preview:-1"},"canonical":"http:\/\/bbi-realestate.de\/en\/kontakt-2\/","og_locale":"en_GB","og_type":"article","og_title":"Kontakt - BBI Realestate Immobilien in Berlin & Brandenburg \u2013 Grundst\u00fccke, H\u00e4user & Wohnungen kaufen bei BBI Real Estate","og_description":"BBI Real Estate ist Ihr Partner f\u00fcr Immobilien in Berlin & Brandenburg. Wir bieten Grundst\u00fccke, H\u00e4user und Wohnungen zum Kauf sowie umfassenden Service von der Beratung bis zur Finanzierung.","og_url":"http:\/\/bbi-realestate.de\/en\/kontakt-2\/","og_site_name":"BBI Realestate","article_modified_time":"2024-11-28T22:11:25+00:00","og_image":[{"url":"https:\/\/bbi-realestate.de\/wp-content\/uploads\/2024\/10\/business-meeting-in-office-2024-09-18-14-19-48-utc-1024x683.webp"}],"twitter_card":"summary_large_image","twitter_misc":{"Estimated reading time":"1 minute"},"schema":{"@context":"https:\/\/schema.org","@graph":[{"@type":"WebPage","@id":"http:\/\/bbi-realestate.de\/kontakt-2\/","url":"http:\/\/bbi-realestate.de\/kontakt-2\/","name":"Kontakt - BBI Realestate Immobilien in Berlin & Brandenburg \u2013 Grundst\u00fccke, H\u00e4user & Wohnungen kaufen bei BBI Real Estate","isPartOf":{"@id":"http:\/\/bbi-realestate.de\/#website"},"primaryImageOfPage":{"@id":"http:\/\/bbi-realestate.de\/kontakt-2\/#primaryimage"},"image":{"@id":"http:\/\/bbi-realestate.de\/kontakt-2\/#primaryimage"},"thumbnailUrl":"https:\/\/bbi-realestate.de\/wp-content\/uploads\/2024\/10\/business-meeting-in-office-2024-09-18-14-19-48-utc-1024x683.webp","datePublished":"2024-10-20T18:30:23+00:00","dateModified":"2024-11-28T22:11:25+00:00","description":"BBI Real Estate ist Ihr Partner f\u00fcr Immobilien in Berlin & Brandenburg. Wir bieten Grundst\u00fccke, H\u00e4user und Wohnungen zum Kauf sowie umfassenden Service von der Beratung bis zur Finanzierung.","breadcrumb":{"@id":"http:\/\/bbi-realestate.de\/kontakt-2\/#breadcrumb"},"inLanguage":"en-GB","potentialAction":[{"@type":"ReadAction","target":["http:\/\/bbi-realestate.de\/kontakt-2\/"]}]},{"@type":"ImageObject","inLanguage":"en-GB","@id":"http:\/\/bbi-realestate.de\/kontakt-2\/#primaryimage","url":"https:\/\/bbi-realestate.de\/wp-content\/uploads\/2024\/10\/business-meeting-in-office-2024-09-18-14-19-48-utc-1024x683.webp","contentUrl":"https:\/\/bbi-realestate.de\/wp-content\/uploads\/2024\/10\/business-meeting-in-office-2024-09-18-14-19-48-utc-1024x683.webp"},{"@type":"BreadcrumbList","@id":"http:\/\/bbi-realestate.de\/kontakt-2\/#breadcrumb","itemListElement":[{"@type":"ListItem","position":1,"name":"Startseite","item":"https:\/\/bbi-realestate.de\/"},{"@type":"ListItem","position":2,"name":"Kontakt"}]},{"@type":"WebSite","@id":"http:\/\/bbi-realestate.de\/#website","url":"http:\/\/bbi-realestate.de\/","name":"BBI Realestate","description":"","publisher":{"@id":"http:\/\/bbi-realestate.de\/#organization"},"potentialAction":[{"@type":"SearchAction","target":{"@type":"EntryPoint","urlTemplate":"http:\/\/bbi-realestate.de\/?s={search_term_string}"},"query-input":{"@type":"PropertyValueSpecification","valueRequired":true,"valueName":"search_term_string"}}],"inLanguage":"en-GB"},{"@type":"Organization","@id":"http:\/\/bbi-realestate.de\/#organization","name":"BBI Realestate","url":"http:\/\/bbi-realestate.de\/","logo":{"@type":"ImageObject","inLanguage":"en-GB","@id":"http:\/\/bbi-realestate.de\/#\/schema\/logo\/image\/","url":"https:\/\/bbi-realestate.de\/wp-content\/uploads\/2024\/10\/cropped-cropped-logo2.png","contentUrl":"https:\/\/bbi-realestate.de\/wp-content\/uploads\/2024\/10\/cropped-cropped-logo2.png","width":512,"height":512,"caption":"BBI Realestate"},"image":{"@id":"http:\/\/bbi-realestate.de\/#\/schema\/logo\/image\/"}}]}},"_links":{"self":[{"href":"https:\/\/bbi-realestate.de\/en\/wp-json\/wp\/v2\/pages\/868","targetHints":{"allow":["GET"]}}],"collection":[{"href":"https:\/\/bbi-realestate.de\/en\/wp-json\/wp\/v2\/pages"}],"about":[{"href":"https:\/\/bbi-realestate.de\/en\/wp-json\/wp\/v2\/types\/page"}],"author":[{"embeddable":true,"href":"https:\/\/bbi-realestate.de\/en\/wp-json\/wp\/v2\/users\/1"}],"replies":[{"embeddable":true,"href":"https:\/\/bbi-realestate.de\/en\/wp-json\/wp\/v2\/comments?post=868"}],"version-history":[{"count":6,"href":"https:\/\/bbi-realestate.de\/en\/wp-json\/wp\/v2\/pages\/868\/revisions"}],"predecessor-version":[{"id":1540,"href":"https:\/\/bbi-realestate.de\/en\/wp-json\/wp\/v2\/pages\/868\/revisions\/1540"}],"wp:attachment":[{"href":"https:\/\/bbi-realestate.de\/en\/wp-json\/wp\/v2\/media?parent=868"}],"curies":[{"name":"wp","href":"https:\/\/api.w.org\/{rel}","templated":true}]}}