{"id":864,"date":"2024-10-20T20:25:25","date_gmt":"2024-10-20T18:25:25","guid":{"rendered":"https:\/\/bbi-realestate.de\/?page_id=864"},"modified":"2026-03-27T16:32:02","modified_gmt":"2026-03-27T15:32:02","slug":"impressum","status":"publish","type":"page","link":"https:\/\/bbi-realestate.de\/en\/impressum\/","title":{"rendered":"Legal notice"},"content":{"rendered":"<div class=\"wp-block-group is-layout-flow wp-block-group-is-layout-flow\" style=\"margin-top:0;margin-bottom:0;padding-top:0px;padding-bottom:0\">\n<div class=\"wp-block-cover is-light is-repeated\" style=\"padding-top:100px;padding-bottom:100px\"><div class=\"wp-block-cover__image-background wp-image-1217 is-repeated\" style=\"background-position:50% 50%;background-image:url(https:\/\/bbi-realestate.de\/wp-content\/themes\/restance\/assets\/img\/architecture-structure-white-texture-floor-walllandscape.webp)\"><\/div><span aria-hidden=\"true\" class=\"wp-block-cover__background has-background-dim-0 has-background-dim\"><\/span><div class=\"wp-block-cover__inner-container is-layout-flow wp-block-cover-is-layout-flow\">\n<div class=\"wp-block-group is-layout-constrained wp-container-core-group-is-layout-784e502a wp-block-group-is-layout-constrained\">\n<p class=\"has-text-align-left restance-animate restance-move-up restance-delay-1 has-secondary-color has-text-color has-heading-5-font-size\" style=\"font-style:normal;font-weight:700;letter-spacing:1px;line-height:0.9;text-transform:uppercase\">Legal<\/p>\n\n\n\n<h2 class=\"wp-block-heading has-text-align-left restance-animate restance-move-up restance-delay-3 has-primary-color has-text-color has-heading-2-font-size\" style=\"line-height:1\">Legal notice<\/h2>\n\n\n\n<p><\/p>\n\n\n\n<h4 class=\"wp-block-heading\"><strong>BBI Real Estate GmbH<\/strong><\/h4>\n\n\n\n<p>Sachsenhausener Str 7,<br>16515 Oranienburg<br>Telefon: 03040003076<br>info@bbi-realestate.de<\/p>\n\n\n\n<p class=\"has-tiny-font-size\"><\/p>\n\n\n\n<p><\/p>\n\n\n\n<p class=\"has-normal-font-size\"><strong>CEO:<\/strong><\/p>\n\n\n\n<p class=\"has-tiny-font-size\">Mahmut Nedimi Tosun<\/p>\n\n\n\n<p class=\"has-normal-font-size\"><\/p>\n<\/div>\n\n\n\n<div class=\"wp-block-group is-layout-constrained wp-container-core-group-is-layout-784e502a wp-block-group-is-layout-constrained\">\n<p class=\"has-normal-font-size\"><strong>Registry Entry:<\/strong><\/p>\n\n\n\n<p>Registered in the commercial register.<br>\nRegister Court: Amtsgericht Berlin Charlottenburg<br>\nRegisternummer: HRB255880<br>\nUmsatzsteuer-Identifikationsnummer gem\u00e4\u00df \u00a727a Umsatzsteuergesetz: [&#8230;]<\/p>\n\n\n\n<p><\/p>\n\n\n\n<p class=\"has-normal-font-size\"><strong>Disclaimer:<\/strong><\/p>\n\n\n\n<p><strong>Liability for Content<\/strong><br>As a service provider, we are responsible for our own content on these pages according to \u00a7 7 (1) TMG and general laws. However, according to \u00a7\u00a7 8 to 10 TMG, we are not obligated to monitor transmitted or stored external information or to investigate circumstances that indicate illegal activity. Obligations to remove or block the use of information according to general laws remain unaffected. Liability in this regard is only possible from the point of knowledge of a concrete infringement. Upon becoming aware of any corresponding legal infringements, we will remove these contents immediately.<\/p>\n\n\n\n<p><strong>Liability for Links<\/strong><br>Our offer contains links to external websites of third parties, on whose content we have no influence. Therefore, we cannot accept any liability for these external contents. The respective provider or operator of the pages is always responsible for the contents of the linked pages. The linked pages were checked for possible legal violations at the time of linking. Illegal contents were not recognizable at the time of linking. However, a permanent control of the contents of the linked pages is not reasonable without concrete indications of a legal infringement. Upon becoming aware of legal infringements, we will remove such links immediately.<\/p>\n\n\n\n<p><\/p>\n\n\n\n<p class=\"has-normal-font-size\"><strong>Copyright<\/strong><\/p>\n\n\n\n<p>The contents and works created by the site operators on these pages are subject to German copyright law. Duplication, editing, distribution, and any form of exploitation beyond the limits of copyright require the written consent of the respective author or creator. Downloads and copies of this page are permitted only for private, non-commercial use. Insofar as the contents on this page were not created by the operator, the copyrights of third parties are respected. In particular, third-party content is identified as such. If you still become aware of a copyright infringement, we request an appropriate notice. Upon becoming aware of legal infringements, we will remove such contents immediately.<\/p>\n<\/div>\n<\/div><\/div>\n<\/div>","protected":false},"excerpt":{"rendered":"","protected":false},"author":1,"featured_media":0,"parent":0,"menu_order":0,"comment_status":"closed","ping_status":"closed","template":"","meta":{"footnotes":""},"class_list":["post-864","page","type-page","status-publish","hentry"],"yoast_head":"<!-- This site is optimized with the Yoast SEO plugin v23.8 - https:\/\/yoast.com\/wordpress\/plugins\/seo\/ -->\n<title>Impressum - BBI Realestate Immobilien in Berlin &amp; Brandenburg \u2013 Grundst\u00fccke, H\u00e4user &amp; Wohnungen kaufen bei BBI Real Estate<\/title>\n<meta name=\"description\" content=\"BBI Real Estate ist Ihr Partner f\u00fcr Immobilien in Berlin &amp; Brandenburg. Wir bieten Grundst\u00fccke, H\u00e4user und Wohnungen zum Kauf sowie umfassenden Service von der Beratung bis zur Finanzierung.\" \/>\n<meta name=\"robots\" content=\"index, follow, max-snippet:-1, max-image-preview:large, max-video-preview:-1\" \/>\n<link rel=\"canonical\" href=\"https:\/\/bbi-realestate.de\/en\/impressum\/\" \/>\n<meta property=\"og:locale\" content=\"en_GB\" \/>\n<meta property=\"og:type\" content=\"article\" \/>\n<meta property=\"og:title\" content=\"Impressum - BBI Realestate Immobilien in Berlin &amp; Brandenburg \u2013 Grundst\u00fccke, H\u00e4user &amp; Wohnungen kaufen bei BBI Real Estate\" \/>\n<meta property=\"og:description\" content=\"BBI Real Estate ist Ihr Partner f\u00fcr Immobilien in Berlin &amp; Brandenburg. Wir bieten Grundst\u00fccke, H\u00e4user und Wohnungen zum Kauf sowie umfassenden Service von der Beratung bis zur Finanzierung.\" \/>\n<meta property=\"og:url\" content=\"https:\/\/bbi-realestate.de\/en\/impressum\/\" \/>\n<meta property=\"og:site_name\" content=\"BBI Realestate\" \/>\n<meta property=\"article:modified_time\" content=\"2026-03-27T15:32:02+00:00\" \/>\n<meta name=\"twitter:card\" content=\"summary_large_image\" \/>\n<meta name=\"twitter:label1\" content=\"Estimated reading time\" \/>\n\t<meta name=\"twitter:data1\" content=\"2 minutes\" \/>\n<script type=\"application\/ld+json\" class=\"yoast-schema-graph\">{\"@context\":\"https:\/\/schema.org\",\"@graph\":[{\"@type\":\"WebPage\",\"@id\":\"https:\/\/bbi-realestate.de\/impressum\/\",\"url\":\"https:\/\/bbi-realestate.de\/impressum\/\",\"name\":\"Impressum - BBI Realestate Immobilien in Berlin & Brandenburg \u2013 Grundst\u00fccke, H\u00e4user & Wohnungen kaufen bei BBI Real Estate\",\"isPartOf\":{\"@id\":\"http:\/\/bbi-realestate.de\/#website\"},\"datePublished\":\"2024-10-20T18:25:25+00:00\",\"dateModified\":\"2026-03-27T15:32:02+00:00\",\"description\":\"BBI Real Estate ist Ihr Partner f\u00fcr Immobilien in Berlin & Brandenburg. Wir bieten Grundst\u00fccke, H\u00e4user und Wohnungen zum Kauf sowie umfassenden Service von der Beratung bis zur Finanzierung.\",\"breadcrumb\":{\"@id\":\"https:\/\/bbi-realestate.de\/impressum\/#breadcrumb\"},\"inLanguage\":\"en-GB\",\"potentialAction\":[{\"@type\":\"ReadAction\",\"target\":[\"https:\/\/bbi-realestate.de\/impressum\/\"]}]},{\"@type\":\"BreadcrumbList\",\"@id\":\"https:\/\/bbi-realestate.de\/impressum\/#breadcrumb\",\"itemListElement\":[{\"@type\":\"ListItem\",\"position\":1,\"name\":\"Startseite\",\"item\":\"https:\/\/bbi-realestate.de\/\"},{\"@type\":\"ListItem\",\"position\":2,\"name\":\"Impressum\"}]},{\"@type\":\"WebSite\",\"@id\":\"http:\/\/bbi-realestate.de\/#website\",\"url\":\"http:\/\/bbi-realestate.de\/\",\"name\":\"BBI Realestate\",\"description\":\"\",\"publisher\":{\"@id\":\"http:\/\/bbi-realestate.de\/#organization\"},\"potentialAction\":[{\"@type\":\"SearchAction\",\"target\":{\"@type\":\"EntryPoint\",\"urlTemplate\":\"http:\/\/bbi-realestate.de\/?s={search_term_string}\"},\"query-input\":{\"@type\":\"PropertyValueSpecification\",\"valueRequired\":true,\"valueName\":\"search_term_string\"}}],\"inLanguage\":\"en-GB\"},{\"@type\":\"Organization\",\"@id\":\"http:\/\/bbi-realestate.de\/#organization\",\"name\":\"BBI Realestate\",\"url\":\"http:\/\/bbi-realestate.de\/\",\"logo\":{\"@type\":\"ImageObject\",\"inLanguage\":\"en-GB\",\"@id\":\"http:\/\/bbi-realestate.de\/#\/schema\/logo\/image\/\",\"url\":\"https:\/\/bbi-realestate.de\/wp-content\/uploads\/2024\/10\/cropped-cropped-logo2.png\",\"contentUrl\":\"https:\/\/bbi-realestate.de\/wp-content\/uploads\/2024\/10\/cropped-cropped-logo2.png\",\"width\":512,\"height\":512,\"caption\":\"BBI Realestate\"},\"image\":{\"@id\":\"http:\/\/bbi-realestate.de\/#\/schema\/logo\/image\/\"}}]}<\/script>\n<!-- \/ Yoast SEO plugin. -->","yoast_head_json":{"title":"Impressum - BBI Realestate Immobilien in Berlin & Brandenburg \u2013 Grundst\u00fccke, H\u00e4user & Wohnungen kaufen bei BBI Real Estate","description":"BBI Real Estate ist Ihr Partner f\u00fcr Immobilien in Berlin & Brandenburg. Wir bieten Grundst\u00fccke, H\u00e4user und Wohnungen zum Kauf sowie umfassenden Service von der Beratung bis zur Finanzierung.","robots":{"index":"index","follow":"follow","max-snippet":"max-snippet:-1","max-image-preview":"max-image-preview:large","max-video-preview":"max-video-preview:-1"},"canonical":"https:\/\/bbi-realestate.de\/en\/impressum\/","og_locale":"en_GB","og_type":"article","og_title":"Impressum - BBI Realestate Immobilien in Berlin & Brandenburg \u2013 Grundst\u00fccke, H\u00e4user & Wohnungen kaufen bei BBI Real Estate","og_description":"BBI Real Estate ist Ihr Partner f\u00fcr Immobilien in Berlin & Brandenburg. Wir bieten Grundst\u00fccke, H\u00e4user und Wohnungen zum Kauf sowie umfassenden Service von der Beratung bis zur Finanzierung.","og_url":"https:\/\/bbi-realestate.de\/en\/impressum\/","og_site_name":"BBI Realestate","article_modified_time":"2026-03-27T15:32:02+00:00","twitter_card":"summary_large_image","twitter_misc":{"Estimated reading time":"2 minutes"},"schema":{"@context":"https:\/\/schema.org","@graph":[{"@type":"WebPage","@id":"https:\/\/bbi-realestate.de\/impressum\/","url":"https:\/\/bbi-realestate.de\/impressum\/","name":"Impressum - BBI Realestate Immobilien in Berlin & Brandenburg \u2013 Grundst\u00fccke, H\u00e4user & Wohnungen kaufen bei BBI Real Estate","isPartOf":{"@id":"http:\/\/bbi-realestate.de\/#website"},"datePublished":"2024-10-20T18:25:25+00:00","dateModified":"2026-03-27T15:32:02+00:00","description":"BBI Real Estate ist Ihr Partner f\u00fcr Immobilien in Berlin & Brandenburg. Wir bieten Grundst\u00fccke, H\u00e4user und Wohnungen zum Kauf sowie umfassenden Service von der Beratung bis zur Finanzierung.","breadcrumb":{"@id":"https:\/\/bbi-realestate.de\/impressum\/#breadcrumb"},"inLanguage":"en-GB","potentialAction":[{"@type":"ReadAction","target":["https:\/\/bbi-realestate.de\/impressum\/"]}]},{"@type":"BreadcrumbList","@id":"https:\/\/bbi-realestate.de\/impressum\/#breadcrumb","itemListElement":[{"@type":"ListItem","position":1,"name":"Startseite","item":"https:\/\/bbi-realestate.de\/"},{"@type":"ListItem","position":2,"name":"Impressum"}]},{"@type":"WebSite","@id":"http:\/\/bbi-realestate.de\/#website","url":"http:\/\/bbi-realestate.de\/","name":"BBI Realestate","description":"","publisher":{"@id":"http:\/\/bbi-realestate.de\/#organization"},"potentialAction":[{"@type":"SearchAction","target":{"@type":"EntryPoint","urlTemplate":"http:\/\/bbi-realestate.de\/?s={search_term_string}"},"query-input":{"@type":"PropertyValueSpecification","valueRequired":true,"valueName":"search_term_string"}}],"inLanguage":"en-GB"},{"@type":"Organization","@id":"http:\/\/bbi-realestate.de\/#organization","name":"BBI Realestate","url":"http:\/\/bbi-realestate.de\/","logo":{"@type":"ImageObject","inLanguage":"en-GB","@id":"http:\/\/bbi-realestate.de\/#\/schema\/logo\/image\/","url":"https:\/\/bbi-realestate.de\/wp-content\/uploads\/2024\/10\/cropped-cropped-logo2.png","contentUrl":"https:\/\/bbi-realestate.de\/wp-content\/uploads\/2024\/10\/cropped-cropped-logo2.png","width":512,"height":512,"caption":"BBI Realestate"},"image":{"@id":"http:\/\/bbi-realestate.de\/#\/schema\/logo\/image\/"}}]}},"_links":{"self":[{"href":"https:\/\/bbi-realestate.de\/en\/wp-json\/wp\/v2\/pages\/864","targetHints":{"allow":["GET"]}}],"collection":[{"href":"https:\/\/bbi-realestate.de\/en\/wp-json\/wp\/v2\/pages"}],"about":[{"href":"https:\/\/bbi-realestate.de\/en\/wp-json\/wp\/v2\/types\/page"}],"author":[{"embeddable":true,"href":"https:\/\/bbi-realestate.de\/en\/wp-json\/wp\/v2\/users\/1"}],"replies":[{"embeddable":true,"href":"https:\/\/bbi-realestate.de\/en\/wp-json\/wp\/v2\/comments?post=864"}],"version-history":[{"count":33,"href":"https:\/\/bbi-realestate.de\/en\/wp-json\/wp\/v2\/pages\/864\/revisions"}],"predecessor-version":[{"id":1630,"href":"https:\/\/bbi-realestate.de\/en\/wp-json\/wp\/v2\/pages\/864\/revisions\/1630"}],"wp:attachment":[{"href":"https:\/\/bbi-realestate.de\/en\/wp-json\/wp\/v2\/media?parent=864"}],"curies":[{"name":"wp","href":"https:\/\/api.w.org\/{rel}","templated":true}]}}