{"id":1542,"date":"2024-11-29T00:51:36","date_gmt":"2024-11-28T23:51:36","guid":{"rendered":"https:\/\/bbi-realestate.de\/?page_id=1542"},"modified":"2024-11-29T08:31:46","modified_gmt":"2024-11-29T07:31:46","slug":"immobilienfinanzierung","status":"publish","type":"page","link":"https:\/\/bbi-realestate.de\/en\/immobilienfinanzierung\/","title":{"rendered":"Financing"},"content":{"rendered":"<div class=\"wp-block-group is-layout-flow wp-block-group-is-layout-flow\">\n<div class=\"wp-block-cover\" style=\"padding-top:20px;padding-right:0px;padding-bottom:0px;padding-left:0px\"><span aria-hidden=\"true\" class=\"wp-block-cover__background has-background-dim-70 has-background-dim\" style=\"background-color:#181818\"><\/span><img loading=\"lazy\" decoding=\"async\" width=\"1280\" height=\"853\" class=\"wp-block-cover__image-background wp-image-1547\" alt=\"\" src=\"https:\/\/bbi-realestate.de\/wp-content\/uploads\/2024\/11\/business-financing-accounting-banking-concept-2023-11-27-05-25-18-utc.webp\" data-object-fit=\"cover\" srcset=\"https:\/\/bbi-realestate.de\/wp-content\/uploads\/2024\/11\/business-financing-accounting-banking-concept-2023-11-27-05-25-18-utc.webp 1280w, https:\/\/bbi-realestate.de\/wp-content\/uploads\/2024\/11\/business-financing-accounting-banking-concept-2023-11-27-05-25-18-utc-300x200.webp 300w, https:\/\/bbi-realestate.de\/wp-content\/uploads\/2024\/11\/business-financing-accounting-banking-concept-2023-11-27-05-25-18-utc-1024x682.webp 1024w, https:\/\/bbi-realestate.de\/wp-content\/uploads\/2024\/11\/business-financing-accounting-banking-concept-2023-11-27-05-25-18-utc-768x512.webp 768w, https:\/\/bbi-realestate.de\/wp-content\/uploads\/2024\/11\/business-financing-accounting-banking-concept-2023-11-27-05-25-18-utc-18x12.webp 18w\" sizes=\"auto, (max-width: 1280px) 100vw, 1280px\" \/><div class=\"wp-block-cover__inner-container is-layout-flow wp-block-cover-is-layout-flow\">\n<div class=\"wp-block-group is-layout-constrained wp-container-core-group-is-layout-641d9b01 wp-block-group-is-layout-constrained\" style=\"padding-top:200px;padding-right:20px;padding-bottom:0px;padding-left:20px\">\n<div class=\"wp-block-columns is-layout-flex wp-container-core-columns-is-layout-28f84493 wp-block-columns-is-layout-flex\">\n<div class=\"wp-block-column is-layout-flow wp-block-column-is-layout-flow\" style=\"padding-right:20px;flex-basis:100%\">\n<h3 class=\"wp-block-heading restance-animate restance-move-right restance-delay-1 has-white-color has-text-color has-heading-1-font-size\">Financing<\/h3>\n<\/div>\n<\/div>\n<\/div>\n\n\n\n<div class=\"wp-block-columns restance-margin-top-n100 restance-z-index-10 is-style-default is-layout-flex wp-container-core-columns-is-layout-d4c80533 wp-block-columns-is-layout-flex\" style=\"margin-top:0px;margin-bottom:0px;padding-top:0px;padding-right:0px;padding-bottom:0px;padding-left:0px\">\n<div class=\"wp-block-column is-layout-flow wp-block-column-is-layout-flow\" style=\"padding-bottom:0px;flex-basis:100%\">\n<div class=\"wp-block-cover restance-margin-top-n100 restance-z-index-11 is-style-default\" style=\"padding-top:0px;padding-right:0px;padding-bottom:0px;padding-left:0px;min-height:522px;aspect-ratio:unset;\"><span aria-hidden=\"true\" class=\"wp-block-cover__background has-white-background-color has-background-dim-0 has-background-dim\"><\/span><img decoding=\"async\" class=\"wp-block-cover__image-background wp-image-1607\" alt=\"\" src=\"https:\/\/bbi-realestate.de\/wp-content\/themes\/restance\/assets\/img\/shape-divider.webp\" style=\"object-position:50% 50%\" data-object-fit=\"cover\" data-object-position=\"50% 50%\"\/><div class=\"wp-block-cover__inner-container is-layout-flow wp-block-cover-is-layout-flow\">\n<p class=\"has-text-align-center has-large-font-size\"><\/p>\n<\/div><\/div>\n<\/div>\n<\/div>\n<\/div><\/div>\n<\/div>\n\n\n\n<div class=\"wp-block-group is-layout-constrained wp-container-core-group-is-layout-f4e982c5 wp-block-group-is-layout-constrained\" style=\"padding-top:100px;padding-right:0px;padding-bottom:0px;padding-left:0px\">\n<p class=\"has-text-align-center restance-animate restance-move-up restance-delay-1 has-secondary-color has-text-color has-heading-5-font-size\" style=\"font-style:normal;font-weight:700;letter-spacing:1px;line-height:0.9;text-transform:uppercase\"><strong>Would you like to finance your dream property? <\/strong><\/p>\n\n\n\n<div class=\"wp-block-columns is-layout-flex wp-container-core-columns-is-layout-11298c6d wp-block-columns-is-layout-flex\" style=\"padding-bottom:20px\">\n<div class=\"wp-block-column restance-animate restance-move-up restance-delay-5 is-layout-constrained wp-container-core-column-is-layout-6ec501fb wp-block-column-is-layout-constrained\" style=\"flex-basis:100%\">\n<p class=\"has-text-align-center has-text-color has-tiny-font-size\" style=\"color:#787878;font-style:normal;font-weight:300\"><strong>We work with reliable real estate financing partner banks that can offer you tailored financing solutions. <\/strong><\/p>\n\n\n\n<p class=\"has-text-align-center has-text-color has-tiny-font-size\" style=\"color:#787878;font-style:normal;font-weight:300\">We are happy to connect you with our financing partners. Simply send us an email at finanzierung@bbi-realestate.de, and we will forward your request. You can then get in touch with our partner banks directly by phone to discuss all the details. <\/p>\n\n\n\n<p class=\"has-text-align-center has-text-color has-tiny-font-size\" style=\"color:#787878;font-style:normal;font-weight:300\">We look forward to assisting you in making your dream home a reality!<\/p>\n<\/div>\n<\/div>\n<\/div>\n\n\n\n<p><\/p>","protected":false},"excerpt":{"rendered":"<p>Sie m\u00f6chten Ihre Traumimmobilie finanzieren? Wir arbeiten mit zuverl\u00e4ssigen Immobilienfinanzierungspartnerbanken zusammen, die Ihnen ma\u00dfgeschneiderte Finanzierungsl\u00f6sungen anbieten k\u00f6nnen. Gerne vermitteln wir den Kontakt zu unseren Finanzierungspartnern. Schreiben Sie uns einfach eine E-Mail an finanzierung@bbi-realestate.de, und wir leiten Ihre Anfrage weiter. Im Anschluss k\u00f6nnen Sie direkt mit unseren Partnerbanken telefonischen Kontakt aufnehmen, um alle Details zu besprechen. Wir freuen uns darauf, Sie bei der Verwirklichung Ihres Wohntraums zu unterst\u00fctzen!<\/p>","protected":false},"author":1,"featured_media":0,"parent":0,"menu_order":0,"comment_status":"closed","ping_status":"closed","template":"","meta":{"footnotes":""},"class_list":["post-1542","page","type-page","status-publish","hentry"],"yoast_head":"<!-- This site is optimized with the Yoast SEO plugin v23.8 - https:\/\/yoast.com\/wordpress\/plugins\/seo\/ -->\n<title>Immobilienfinanzierung - BBI Realestate Immobilien in Berlin &amp; Brandenburg \u2013 Grundst\u00fccke, H\u00e4user &amp; Wohnungen kaufen bei BBI Real Estate<\/title>\n<meta name=\"description\" content=\"BBI Real Estate ist Ihr Partner f\u00fcr Immobilien in Berlin &amp; Brandenburg. Wir bieten Grundst\u00fccke, H\u00e4user und Wohnungen zum Kauf sowie umfassenden Service von der Beratung bis zur Finanzierung.\" \/>\n<meta name=\"robots\" content=\"index, follow, max-snippet:-1, max-image-preview:large, max-video-preview:-1\" \/>\n<link rel=\"canonical\" href=\"https:\/\/bbi-realestate.de\/en\/immobilienfinanzierung\/\" \/>\n<meta property=\"og:locale\" content=\"en_GB\" \/>\n<meta property=\"og:type\" content=\"article\" \/>\n<meta property=\"og:title\" content=\"Immobilienfinanzierung - BBI Realestate Immobilien in Berlin &amp; Brandenburg \u2013 Grundst\u00fccke, H\u00e4user &amp; Wohnungen kaufen bei BBI Real Estate\" \/>\n<meta property=\"og:description\" content=\"BBI Real Estate ist Ihr Partner f\u00fcr Immobilien in Berlin &amp; Brandenburg. Wir bieten Grundst\u00fccke, H\u00e4user und Wohnungen zum Kauf sowie umfassenden Service von der Beratung bis zur Finanzierung.\" \/>\n<meta property=\"og:url\" content=\"https:\/\/bbi-realestate.de\/en\/immobilienfinanzierung\/\" \/>\n<meta property=\"og:site_name\" content=\"BBI Realestate\" \/>\n<meta property=\"article:modified_time\" content=\"2024-11-29T07:31:46+00:00\" \/>\n<meta property=\"og:image\" content=\"https:\/\/bbi-realestate.de\/wp-content\/uploads\/2024\/11\/business-financing-accounting-banking-concept-2023-11-27-05-25-18-utc.webp\" \/>\n<meta name=\"twitter:card\" content=\"summary_large_image\" \/>\n<meta name=\"twitter:label1\" content=\"Estimated reading time\" \/>\n\t<meta name=\"twitter:data1\" content=\"1 minute\" \/>\n<script type=\"application\/ld+json\" class=\"yoast-schema-graph\">{\"@context\":\"https:\/\/schema.org\",\"@graph\":[{\"@type\":\"WebPage\",\"@id\":\"https:\/\/bbi-realestate.de\/immobilienfinanzierung\/\",\"url\":\"https:\/\/bbi-realestate.de\/immobilienfinanzierung\/\",\"name\":\"Immobilienfinanzierung - BBI Realestate Immobilien in Berlin & Brandenburg \u2013 Grundst\u00fccke, H\u00e4user & Wohnungen kaufen bei BBI Real Estate\",\"isPartOf\":{\"@id\":\"http:\/\/bbi-realestate.de\/#website\"},\"primaryImageOfPage\":{\"@id\":\"https:\/\/bbi-realestate.de\/immobilienfinanzierung\/#primaryimage\"},\"image\":{\"@id\":\"https:\/\/bbi-realestate.de\/immobilienfinanzierung\/#primaryimage\"},\"thumbnailUrl\":\"https:\/\/bbi-realestate.de\/wp-content\/uploads\/2024\/11\/business-financing-accounting-banking-concept-2023-11-27-05-25-18-utc.webp\",\"datePublished\":\"2024-11-28T23:51:36+00:00\",\"dateModified\":\"2024-11-29T07:31:46+00:00\",\"description\":\"BBI Real Estate ist Ihr Partner f\u00fcr Immobilien in Berlin & Brandenburg. Wir bieten Grundst\u00fccke, H\u00e4user und Wohnungen zum Kauf sowie umfassenden Service von der Beratung bis zur Finanzierung.\",\"breadcrumb\":{\"@id\":\"https:\/\/bbi-realestate.de\/immobilienfinanzierung\/#breadcrumb\"},\"inLanguage\":\"en-GB\",\"potentialAction\":[{\"@type\":\"ReadAction\",\"target\":[\"https:\/\/bbi-realestate.de\/immobilienfinanzierung\/\"]}]},{\"@type\":\"ImageObject\",\"inLanguage\":\"en-GB\",\"@id\":\"https:\/\/bbi-realestate.de\/immobilienfinanzierung\/#primaryimage\",\"url\":\"https:\/\/bbi-realestate.de\/wp-content\/uploads\/2024\/11\/business-financing-accounting-banking-concept-2023-11-27-05-25-18-utc.webp\",\"contentUrl\":\"https:\/\/bbi-realestate.de\/wp-content\/uploads\/2024\/11\/business-financing-accounting-banking-concept-2023-11-27-05-25-18-utc.webp\"},{\"@type\":\"BreadcrumbList\",\"@id\":\"https:\/\/bbi-realestate.de\/immobilienfinanzierung\/#breadcrumb\",\"itemListElement\":[{\"@type\":\"ListItem\",\"position\":1,\"name\":\"Startseite\",\"item\":\"http:\/\/bbi-realestate.de\/\"},{\"@type\":\"ListItem\",\"position\":2,\"name\":\"Immobilienfinanzierung\"}]},{\"@type\":\"WebSite\",\"@id\":\"http:\/\/bbi-realestate.de\/#website\",\"url\":\"http:\/\/bbi-realestate.de\/\",\"name\":\"BBI Realestate\",\"description\":\"\",\"publisher\":{\"@id\":\"http:\/\/bbi-realestate.de\/#organization\"},\"potentialAction\":[{\"@type\":\"SearchAction\",\"target\":{\"@type\":\"EntryPoint\",\"urlTemplate\":\"http:\/\/bbi-realestate.de\/?s={search_term_string}\"},\"query-input\":{\"@type\":\"PropertyValueSpecification\",\"valueRequired\":true,\"valueName\":\"search_term_string\"}}],\"inLanguage\":\"en-GB\"},{\"@type\":\"Organization\",\"@id\":\"http:\/\/bbi-realestate.de\/#organization\",\"name\":\"BBI Realestate\",\"url\":\"http:\/\/bbi-realestate.de\/\",\"logo\":{\"@type\":\"ImageObject\",\"inLanguage\":\"en-GB\",\"@id\":\"http:\/\/bbi-realestate.de\/#\/schema\/logo\/image\/\",\"url\":\"https:\/\/bbi-realestate.de\/wp-content\/uploads\/2024\/10\/cropped-cropped-logo2.png\",\"contentUrl\":\"https:\/\/bbi-realestate.de\/wp-content\/uploads\/2024\/10\/cropped-cropped-logo2.png\",\"width\":512,\"height\":512,\"caption\":\"BBI Realestate\"},\"image\":{\"@id\":\"http:\/\/bbi-realestate.de\/#\/schema\/logo\/image\/\"}}]}<\/script>\n<!-- \/ Yoast SEO plugin. -->","yoast_head_json":{"title":"Immobilienfinanzierung - BBI Realestate Immobilien in Berlin & Brandenburg \u2013 Grundst\u00fccke, H\u00e4user & Wohnungen kaufen bei BBI Real Estate","description":"BBI Real Estate ist Ihr Partner f\u00fcr Immobilien in Berlin & Brandenburg. Wir bieten Grundst\u00fccke, H\u00e4user und Wohnungen zum Kauf sowie umfassenden Service von der Beratung bis zur Finanzierung.","robots":{"index":"index","follow":"follow","max-snippet":"max-snippet:-1","max-image-preview":"max-image-preview:large","max-video-preview":"max-video-preview:-1"},"canonical":"https:\/\/bbi-realestate.de\/en\/immobilienfinanzierung\/","og_locale":"en_GB","og_type":"article","og_title":"Immobilienfinanzierung - BBI Realestate Immobilien in Berlin & Brandenburg \u2013 Grundst\u00fccke, H\u00e4user & Wohnungen kaufen bei BBI Real Estate","og_description":"BBI Real Estate ist Ihr Partner f\u00fcr Immobilien in Berlin & Brandenburg. Wir bieten Grundst\u00fccke, H\u00e4user und Wohnungen zum Kauf sowie umfassenden Service von der Beratung bis zur Finanzierung.","og_url":"https:\/\/bbi-realestate.de\/en\/immobilienfinanzierung\/","og_site_name":"BBI Realestate","article_modified_time":"2024-11-29T07:31:46+00:00","og_image":[{"url":"https:\/\/bbi-realestate.de\/wp-content\/uploads\/2024\/11\/business-financing-accounting-banking-concept-2023-11-27-05-25-18-utc.webp"}],"twitter_card":"summary_large_image","twitter_misc":{"Estimated reading time":"1 minute"},"schema":{"@context":"https:\/\/schema.org","@graph":[{"@type":"WebPage","@id":"https:\/\/bbi-realestate.de\/immobilienfinanzierung\/","url":"https:\/\/bbi-realestate.de\/immobilienfinanzierung\/","name":"Immobilienfinanzierung - BBI Realestate Immobilien in Berlin & Brandenburg \u2013 Grundst\u00fccke, H\u00e4user & Wohnungen kaufen bei BBI Real Estate","isPartOf":{"@id":"http:\/\/bbi-realestate.de\/#website"},"primaryImageOfPage":{"@id":"https:\/\/bbi-realestate.de\/immobilienfinanzierung\/#primaryimage"},"image":{"@id":"https:\/\/bbi-realestate.de\/immobilienfinanzierung\/#primaryimage"},"thumbnailUrl":"https:\/\/bbi-realestate.de\/wp-content\/uploads\/2024\/11\/business-financing-accounting-banking-concept-2023-11-27-05-25-18-utc.webp","datePublished":"2024-11-28T23:51:36+00:00","dateModified":"2024-11-29T07:31:46+00:00","description":"BBI Real Estate ist Ihr Partner f\u00fcr Immobilien in Berlin & Brandenburg. Wir bieten Grundst\u00fccke, H\u00e4user und Wohnungen zum Kauf sowie umfassenden Service von der Beratung bis zur Finanzierung.","breadcrumb":{"@id":"https:\/\/bbi-realestate.de\/immobilienfinanzierung\/#breadcrumb"},"inLanguage":"en-GB","potentialAction":[{"@type":"ReadAction","target":["https:\/\/bbi-realestate.de\/immobilienfinanzierung\/"]}]},{"@type":"ImageObject","inLanguage":"en-GB","@id":"https:\/\/bbi-realestate.de\/immobilienfinanzierung\/#primaryimage","url":"https:\/\/bbi-realestate.de\/wp-content\/uploads\/2024\/11\/business-financing-accounting-banking-concept-2023-11-27-05-25-18-utc.webp","contentUrl":"https:\/\/bbi-realestate.de\/wp-content\/uploads\/2024\/11\/business-financing-accounting-banking-concept-2023-11-27-05-25-18-utc.webp"},{"@type":"BreadcrumbList","@id":"https:\/\/bbi-realestate.de\/immobilienfinanzierung\/#breadcrumb","itemListElement":[{"@type":"ListItem","position":1,"name":"Startseite","item":"http:\/\/bbi-realestate.de\/"},{"@type":"ListItem","position":2,"name":"Immobilienfinanzierung"}]},{"@type":"WebSite","@id":"http:\/\/bbi-realestate.de\/#website","url":"http:\/\/bbi-realestate.de\/","name":"BBI Realestate","description":"","publisher":{"@id":"http:\/\/bbi-realestate.de\/#organization"},"potentialAction":[{"@type":"SearchAction","target":{"@type":"EntryPoint","urlTemplate":"http:\/\/bbi-realestate.de\/?s={search_term_string}"},"query-input":{"@type":"PropertyValueSpecification","valueRequired":true,"valueName":"search_term_string"}}],"inLanguage":"en-GB"},{"@type":"Organization","@id":"http:\/\/bbi-realestate.de\/#organization","name":"BBI Realestate","url":"http:\/\/bbi-realestate.de\/","logo":{"@type":"ImageObject","inLanguage":"en-GB","@id":"http:\/\/bbi-realestate.de\/#\/schema\/logo\/image\/","url":"https:\/\/bbi-realestate.de\/wp-content\/uploads\/2024\/10\/cropped-cropped-logo2.png","contentUrl":"https:\/\/bbi-realestate.de\/wp-content\/uploads\/2024\/10\/cropped-cropped-logo2.png","width":512,"height":512,"caption":"BBI Realestate"},"image":{"@id":"http:\/\/bbi-realestate.de\/#\/schema\/logo\/image\/"}}]}},"_links":{"self":[{"href":"https:\/\/bbi-realestate.de\/en\/wp-json\/wp\/v2\/pages\/1542","targetHints":{"allow":["GET"]}}],"collection":[{"href":"https:\/\/bbi-realestate.de\/en\/wp-json\/wp\/v2\/pages"}],"about":[{"href":"https:\/\/bbi-realestate.de\/en\/wp-json\/wp\/v2\/types\/page"}],"author":[{"embeddable":true,"href":"https:\/\/bbi-realestate.de\/en\/wp-json\/wp\/v2\/users\/1"}],"replies":[{"embeddable":true,"href":"https:\/\/bbi-realestate.de\/en\/wp-json\/wp\/v2\/comments?post=1542"}],"version-history":[{"count":6,"href":"https:\/\/bbi-realestate.de\/en\/wp-json\/wp\/v2\/pages\/1542\/revisions"}],"predecessor-version":[{"id":1562,"href":"https:\/\/bbi-realestate.de\/en\/wp-json\/wp\/v2\/pages\/1542\/revisions\/1562"}],"wp:attachment":[{"href":"https:\/\/bbi-realestate.de\/en\/wp-json\/wp\/v2\/media?parent=1542"}],"curies":[{"name":"wp","href":"https:\/\/api.w.org\/{rel}","templated":true}]}}