{"id":1309,"date":"2024-10-28T16:33:04","date_gmt":"2024-10-28T15:33:04","guid":{"rendered":"https:\/\/bbi-realestate.de\/?page_id=1309"},"modified":"2024-10-28T23:38:18","modified_gmt":"2024-10-28T22:38:18","slug":"unternehmen","status":"publish","type":"page","link":"https:\/\/bbi-realestate.de\/en\/unternehmen\/","title":{"rendered":"Company"},"content":{"rendered":"<div class=\"wp-block-group is-layout-constrained wp-container-core-group-is-layout-0c353a2a wp-block-group-is-layout-constrained\" style=\"padding-top:100px;padding-bottom:100px\">\n<div class=\"wp-block-columns is-layout-flex wp-container-core-columns-is-layout-28f84493 wp-block-columns-is-layout-flex\">\n<div class=\"wp-block-column is-vertically-aligned-center restance-margin-right-n70 restance-z-index-10 restance-animate restance-move-right restance-delay-7 is-layout-flow wp-block-column-is-layout-flow\" style=\"padding-right:20px;padding-left:20px;flex-basis:50%\">\n<div class=\"wp-block-group is-style-customboxshadow has-white-background-color has-background is-layout-flow wp-block-group-is-layout-flow\" style=\"margin-top:0px;margin-bottom:0px;padding-top:50px;padding-right:70px;padding-bottom:50px;padding-left:70px\">\n<h1 class=\"wp-block-heading\">Company<\/h1>\n<\/div>\n<\/div>\n\n\n\n<div class=\"wp-block-column is-vertically-aligned-top is-layout-flow wp-block-column-is-layout-flow\" style=\"flex-basis:50%\">\n<div class=\"wp-block-cover is-light restance-animate restance-move-left restance-delay-1\" style=\"min-height:590px;aspect-ratio:unset;\"><span aria-hidden=\"true\" class=\"wp-block-cover__background has-background-dim-0 has-background-dim\"><\/span><img decoding=\"async\" class=\"wp-block-cover__image-background wp-image-1226\" alt=\"\" src=\"https:\/\/bbi-realestate.de\/wp-content\/themes\/restance\/assets\/img\/black-and-white-architecture-structure-sky-skyline-window-1415729-pxhere.com.webp\" data-object-fit=\"cover\"\/><div class=\"wp-block-cover__inner-container is-layout-flow wp-block-cover-is-layout-flow\">\n<p class=\"has-text-align-center has-large-font-size\"><\/p>\n<\/div><\/div>\n<\/div>\n<\/div>\n<\/div>\n\n\n\n<div class=\"wp-block-group is-layout-constrained wp-container-core-group-is-layout-91988540 wp-block-group-is-layout-constrained\" style=\"padding-top:0px;padding-right:20px;padding-bottom:50px;padding-left:20px\">\n<div class=\"wp-block-columns is-layout-flex wp-container-core-columns-is-layout-28f84493 wp-block-columns-is-layout-flex\">\n<div class=\"wp-block-column is-vertically-aligned-center is-layout-flow wp-block-column-is-layout-flow\" style=\"padding-top:60px;flex-basis:80.3%\">\n<p class=\"restance-animate restance-move-right restance-delay-1 has-secondary-color has-text-color has-heading-5-font-size\" style=\"font-style:normal;font-weight:700;letter-spacing:1px;line-height:0.9;text-transform:uppercase\">We create living spaces for families<\/p>\n\n\n\n<h2 class=\"wp-block-heading restance-animate restance-move-right restance-delay-3 has-primary-color has-text-color has-heading-2-font-size\" style=\"margin-right:100px\">In Berlin &amp; Brandenburg<\/h2>\n\n\n\n<div class=\"wp-block-columns restance-animate restance-move-right restance-delay-5 is-layout-flex wp-container-core-columns-is-layout-67c05d39 wp-block-columns-is-layout-flex\" style=\"padding-right:140px\">\n<div class=\"wp-block-column is-layout-constrained wp-container-core-column-is-layout-3e5f4f53 wp-block-column-is-layout-constrained\" style=\"flex-basis:100%\">\n<p class=\"has-text-color has-normal-font-size\" style=\"color:#787878;font-style:normal;font-weight:300\"><strong>Bringing values to grow together<\/strong><\/p>\n\n\n\n<p>Learn more about us: From private homes to investment properties \u2013 at BBI, you\u2019ll find an experienced partner for the brokerage and marketing of land, residential, and investment properties. We offer comprehensive, expert service and guide our clients through the entire buying or selling process, including in-depth financing advice.<\/p>\n<\/div>\n<\/div>\n\n\n\n<p>In addition, our partner company, BBG Immobiliengruppe, operates as an independent real estate firm developing innovative and sustainable real estate projects. The focus is on target-oriented, energy-efficient, and sustainable construction that meets the increasing demands of the real estate market. With a dynamic and market-savvy team, BBG Immobiliengruppe delivers solutions defined by innovation and sustainability.<\/p>\n\n\n\n<div class=\"wp-block-buttons restance-animate restance-move-right restance-delay-7 is-layout-flex wp-block-buttons-is-layout-flex\">\n<div class=\"wp-block-button is-style-custombuttonone\"><a class=\"wp-block-button__link wp-element-button\" href=\"#\">Contact Us<\/a><\/div>\n<\/div>\n<\/div>\n<\/div>\n\n\n\n<div class=\"wp-block-group  is-style-default is-layout-constrained wp-container-core-group-is-layout-4c0aa456 wp-block-group-is-layout-constrained\">\n<div class=\"wp-block-columns is-style-default restance-margin-top-n100 restance-z-index-10 is-layout-flex wp-container-core-columns-is-layout-c6bc58be wp-block-columns-is-layout-flex\" style=\"padding-top:0px;padding-right:0px;padding-bottom:0px;padding-left:0px\">\n<div class=\"wp-block-column is-style-customboxshadow restance-animate restance-move-up restance-delay-1 has-white-background-color has-background is-layout-flow wp-block-column-is-layout-flow\" style=\"padding-top:40px;padding-right:40px;padding-bottom:30px;padding-left:40px;flex-basis:30%\">\n<figure class=\"wp-block-image size-full is-resized wp-duotone-purple-green\"><img decoding=\"async\" src=\"https:\/\/bbi-realestate.de\/wp-content\/themes\/restance\/assets\/img\/icon-apart.webp\" alt=\"\" class=\"wp-image-1258\" style=\"width:70px\"\/><\/figure>\n\n\n\n<h2 class=\"wp-block-heading has-primary-color has-text-color\" style=\"margin-top:10px;font-size:26px;line-height:1.4\">All Properties<\/h2>\n\n\n\n<div class=\"wp-block-columns is-layout-flex wp-container-core-columns-is-layout-8fcec7b6 wp-block-columns-is-layout-flex\" style=\"margin-top:10px;margin-bottom:0px;padding-top:0px;padding-right:0px;padding-bottom:0px;padding-left:0px\">\n<div class=\"wp-block-column is-layout-flow wp-block-column-is-layout-flow\" style=\"flex-basis:100%\">\n<p class=\"has-text-color\" style=\"color:#787878;font-size:14px;font-style:normal;font-weight:300;line-height:1.5\"><\/p>\n\n\n\n<div class=\"wp-block-buttons is-layout-flex wp-block-buttons-is-layout-flex\" style=\"margin-top:10px;margin-bottom:0px\">\n<div class=\"wp-block-button has-custom-font-size is-style-custombuttonfill is-style-custombuttonone\" style=\"font-size:13px\"><a class=\"wp-block-button__link wp-element-button\" href=\"https:\/\/bbi-realestate.de\/en\/verkaufsobjekte\/\" style=\"padding-top:12px;padding-right:20px;padding-bottom:12px;padding-left:20px\">View Here<\/a><\/div>\n<\/div>\n\n\n\n<p class=\"has-text-color\" style=\"color:#787878;font-size:14px;font-style:normal;font-weight:300;line-height:1.5\"><\/p>\n<\/div>\n<\/div>\n<\/div>\n\n\n\n<div class=\"wp-block-column is-vertically-aligned-center restance-animate restance-move-up restance-delay-5 has-background is-layout-flow wp-block-column-is-layout-flow\" style=\"background-color:#f4f4f4;padding-top:63px;padding-right:40px;padding-bottom:63px;padding-left:40px;flex-basis:30%\">\n<div class=\"wp-block-buttons is-content-justification-center is-layout-flex wp-container-core-buttons-is-layout-549bf4cd wp-block-buttons-is-layout-flex\" style=\"margin-top:10px;margin-bottom:0px\">\n<div class=\"wp-block-button has-custom-font-size is-style-custombuttonfill is-style-custombuttonone\" style=\"font-size:13px\"><a class=\"wp-block-button__link wp-element-button\" href=\"#\" style=\"padding-top:12px;padding-right:20px;padding-bottom:12px;padding-left:20px\">Contact<\/a><\/div>\n<\/div>\n<\/div>\n\n\n\n<div class=\"wp-block-column is-layout-flow wp-block-column-is-layout-flow\" style=\"flex-basis:70%\"><\/div>\n<\/div>\n<\/div>\n<\/div>\n\n\n\n<p><\/p>","protected":false},"excerpt":{"rendered":"<p>Unternehmen Wir schaffen Wohnr\u00e4ume f\u00fcr Familien In Berlin &amp; Brandenburg Gemeinsam Werte zum Wachsen bringen Erfahren Sie mehr \u00fcber uns: Vom Eigenheim bis zur Kapitalanlage \u2013 bei BBI finden Sie den erfahrenen Partner f\u00fcr die Vermittlung und Vermarktung von Grundst\u00fccken, Wohn- und Anlageimmobilien. Wir bieten kompetenten Rundum-Service und begleiten unsere Kunden durch den gesamten Kauf- oder Verkaufsprozess, inklusive umfassender Finanzierungsberatung. Erg\u00e4nzend dazu entwickelt unser Kooperationspartner, die BBG Immobiliengruppe, als eigenst\u00e4ndiges Immobilienunternehmen innovative und nachhaltige Immobilienprojekte. Der Fokus liegt dabei auf zielgruppenorientiertem, energieeffizientem und nachhaltigem Bauen, das den steigenden Anforderungen des Immobilienmarktes gerecht wird. Mit einem dynamischen und marktkompetenten Team bietet<\/p>","protected":false},"author":1,"featured_media":0,"parent":0,"menu_order":0,"comment_status":"closed","ping_status":"closed","template":"","meta":{"footnotes":""},"class_list":["post-1309","page","type-page","status-publish","hentry"],"yoast_head":"<!-- This site is optimized with the Yoast SEO plugin v23.8 - https:\/\/yoast.com\/wordpress\/plugins\/seo\/ -->\n<title>Unternehmen - BBI Realestate Immobilien in Berlin &amp; Brandenburg \u2013 Grundst\u00fccke, H\u00e4user &amp; Wohnungen kaufen bei BBI Real Estate<\/title>\n<meta name=\"description\" content=\"BBI Real Estate ist Ihr Partner f\u00fcr Immobilien in Berlin &amp; Brandenburg. Wir bieten Grundst\u00fccke, H\u00e4user und Wohnungen zum Kauf sowie umfassenden Service von der Beratung bis zur Finanzierung.\" \/>\n<meta name=\"robots\" content=\"index, follow, max-snippet:-1, max-image-preview:large, max-video-preview:-1\" \/>\n<link rel=\"canonical\" href=\"https:\/\/bbi-realestate.de\/en\/unternehmen\/\" \/>\n<meta property=\"og:locale\" content=\"en_GB\" \/>\n<meta property=\"og:type\" content=\"article\" \/>\n<meta property=\"og:title\" content=\"Unternehmen - BBI Realestate Immobilien in Berlin &amp; Brandenburg \u2013 Grundst\u00fccke, H\u00e4user &amp; Wohnungen kaufen bei BBI Real Estate\" \/>\n<meta property=\"og:description\" content=\"BBI Real Estate ist Ihr Partner f\u00fcr Immobilien in Berlin &amp; Brandenburg. Wir bieten Grundst\u00fccke, H\u00e4user und Wohnungen zum Kauf sowie umfassenden Service von der Beratung bis zur Finanzierung.\" \/>\n<meta property=\"og:url\" content=\"https:\/\/bbi-realestate.de\/en\/unternehmen\/\" \/>\n<meta property=\"og:site_name\" content=\"BBI Realestate\" \/>\n<meta property=\"article:modified_time\" content=\"2024-10-28T22:38:18+00:00\" \/>\n<meta property=\"og:image\" content=\"https:\/\/bbi-realestate.de\/wp-content\/themes\/restance\/assets\/img\/black-and-white-architecture-structure-sky-skyline-window-1415729-pxhere.com.webp\" \/>\n<meta name=\"twitter:card\" content=\"summary_large_image\" \/>\n<meta name=\"twitter:label1\" content=\"Estimated reading time\" \/>\n\t<meta name=\"twitter:data1\" content=\"1 minute\" \/>\n<script type=\"application\/ld+json\" class=\"yoast-schema-graph\">{\"@context\":\"https:\/\/schema.org\",\"@graph\":[{\"@type\":\"WebPage\",\"@id\":\"https:\/\/bbi-realestate.de\/en\/unternehmen\/\",\"url\":\"https:\/\/bbi-realestate.de\/en\/unternehmen\/\",\"name\":\"Unternehmen - BBI Realestate Immobilien in Berlin & Brandenburg \u2013 Grundst\u00fccke, H\u00e4user & Wohnungen kaufen bei BBI Real Estate\",\"isPartOf\":{\"@id\":\"http:\/\/bbi-realestate.de\/#website\"},\"primaryImageOfPage\":{\"@id\":\"https:\/\/bbi-realestate.de\/en\/unternehmen\/#primaryimage\"},\"image\":{\"@id\":\"https:\/\/bbi-realestate.de\/en\/unternehmen\/#primaryimage\"},\"thumbnailUrl\":\"https:\/\/bbi-realestate.de\/wp-content\/themes\/restance\/assets\/img\/black-and-white-architecture-structure-sky-skyline-window-1415729-pxhere.com.webp\",\"datePublished\":\"2024-10-28T15:33:04+00:00\",\"dateModified\":\"2024-10-28T22:38:18+00:00\",\"description\":\"BBI Real Estate ist Ihr Partner f\u00fcr Immobilien in Berlin & Brandenburg. Wir bieten Grundst\u00fccke, H\u00e4user und Wohnungen zum Kauf sowie umfassenden Service von der Beratung bis zur Finanzierung.\",\"breadcrumb\":{\"@id\":\"https:\/\/bbi-realestate.de\/en\/unternehmen\/#breadcrumb\"},\"inLanguage\":\"en-GB\",\"potentialAction\":[{\"@type\":\"ReadAction\",\"target\":[\"https:\/\/bbi-realestate.de\/en\/unternehmen\/\"]}]},{\"@type\":\"ImageObject\",\"inLanguage\":\"en-GB\",\"@id\":\"https:\/\/bbi-realestate.de\/en\/unternehmen\/#primaryimage\",\"url\":\"https:\/\/bbi-realestate.de\/wp-content\/themes\/restance\/assets\/img\/black-and-white-architecture-structure-sky-skyline-window-1415729-pxhere.com.webp\",\"contentUrl\":\"https:\/\/bbi-realestate.de\/wp-content\/themes\/restance\/assets\/img\/black-and-white-architecture-structure-sky-skyline-window-1415729-pxhere.com.webp\"},{\"@type\":\"BreadcrumbList\",\"@id\":\"https:\/\/bbi-realestate.de\/en\/unternehmen\/#breadcrumb\",\"itemListElement\":[{\"@type\":\"ListItem\",\"position\":1,\"name\":\"Startseite\",\"item\":\"https:\/\/bbi-realestate.de\/\"},{\"@type\":\"ListItem\",\"position\":2,\"name\":\"Unternehmen\"}]},{\"@type\":\"WebSite\",\"@id\":\"http:\/\/bbi-realestate.de\/#website\",\"url\":\"http:\/\/bbi-realestate.de\/\",\"name\":\"BBI Realestate\",\"description\":\"\",\"publisher\":{\"@id\":\"http:\/\/bbi-realestate.de\/#organization\"},\"potentialAction\":[{\"@type\":\"SearchAction\",\"target\":{\"@type\":\"EntryPoint\",\"urlTemplate\":\"http:\/\/bbi-realestate.de\/?s={search_term_string}\"},\"query-input\":{\"@type\":\"PropertyValueSpecification\",\"valueRequired\":true,\"valueName\":\"search_term_string\"}}],\"inLanguage\":\"en-GB\"},{\"@type\":\"Organization\",\"@id\":\"http:\/\/bbi-realestate.de\/#organization\",\"name\":\"BBI Realestate\",\"url\":\"http:\/\/bbi-realestate.de\/\",\"logo\":{\"@type\":\"ImageObject\",\"inLanguage\":\"en-GB\",\"@id\":\"http:\/\/bbi-realestate.de\/#\/schema\/logo\/image\/\",\"url\":\"https:\/\/bbi-realestate.de\/wp-content\/uploads\/2024\/10\/cropped-cropped-logo2.png\",\"contentUrl\":\"https:\/\/bbi-realestate.de\/wp-content\/uploads\/2024\/10\/cropped-cropped-logo2.png\",\"width\":512,\"height\":512,\"caption\":\"BBI Realestate\"},\"image\":{\"@id\":\"http:\/\/bbi-realestate.de\/#\/schema\/logo\/image\/\"}}]}<\/script>\n<!-- \/ Yoast SEO plugin. -->","yoast_head_json":{"title":"Unternehmen - BBI Realestate Immobilien in Berlin & Brandenburg \u2013 Grundst\u00fccke, H\u00e4user & Wohnungen kaufen bei BBI Real Estate","description":"BBI Real Estate ist Ihr Partner f\u00fcr Immobilien in Berlin & Brandenburg. Wir bieten Grundst\u00fccke, H\u00e4user und Wohnungen zum Kauf sowie umfassenden Service von der Beratung bis zur Finanzierung.","robots":{"index":"index","follow":"follow","max-snippet":"max-snippet:-1","max-image-preview":"max-image-preview:large","max-video-preview":"max-video-preview:-1"},"canonical":"https:\/\/bbi-realestate.de\/en\/unternehmen\/","og_locale":"en_GB","og_type":"article","og_title":"Unternehmen - BBI Realestate Immobilien in Berlin & Brandenburg \u2013 Grundst\u00fccke, H\u00e4user & Wohnungen kaufen bei BBI Real Estate","og_description":"BBI Real Estate ist Ihr Partner f\u00fcr Immobilien in Berlin & Brandenburg. Wir bieten Grundst\u00fccke, H\u00e4user und Wohnungen zum Kauf sowie umfassenden Service von der Beratung bis zur Finanzierung.","og_url":"https:\/\/bbi-realestate.de\/en\/unternehmen\/","og_site_name":"BBI Realestate","article_modified_time":"2024-10-28T22:38:18+00:00","og_image":[{"url":"https:\/\/bbi-realestate.de\/wp-content\/themes\/restance\/assets\/img\/black-and-white-architecture-structure-sky-skyline-window-1415729-pxhere.com.webp"}],"twitter_card":"summary_large_image","twitter_misc":{"Estimated reading time":"1 minute"},"schema":{"@context":"https:\/\/schema.org","@graph":[{"@type":"WebPage","@id":"https:\/\/bbi-realestate.de\/en\/unternehmen\/","url":"https:\/\/bbi-realestate.de\/en\/unternehmen\/","name":"Unternehmen - BBI Realestate Immobilien in Berlin & Brandenburg \u2013 Grundst\u00fccke, H\u00e4user & Wohnungen kaufen bei BBI Real Estate","isPartOf":{"@id":"http:\/\/bbi-realestate.de\/#website"},"primaryImageOfPage":{"@id":"https:\/\/bbi-realestate.de\/en\/unternehmen\/#primaryimage"},"image":{"@id":"https:\/\/bbi-realestate.de\/en\/unternehmen\/#primaryimage"},"thumbnailUrl":"https:\/\/bbi-realestate.de\/wp-content\/themes\/restance\/assets\/img\/black-and-white-architecture-structure-sky-skyline-window-1415729-pxhere.com.webp","datePublished":"2024-10-28T15:33:04+00:00","dateModified":"2024-10-28T22:38:18+00:00","description":"BBI Real Estate ist Ihr Partner f\u00fcr Immobilien in Berlin & Brandenburg. Wir bieten Grundst\u00fccke, H\u00e4user und Wohnungen zum Kauf sowie umfassenden Service von der Beratung bis zur Finanzierung.","breadcrumb":{"@id":"https:\/\/bbi-realestate.de\/en\/unternehmen\/#breadcrumb"},"inLanguage":"en-GB","potentialAction":[{"@type":"ReadAction","target":["https:\/\/bbi-realestate.de\/en\/unternehmen\/"]}]},{"@type":"ImageObject","inLanguage":"en-GB","@id":"https:\/\/bbi-realestate.de\/en\/unternehmen\/#primaryimage","url":"https:\/\/bbi-realestate.de\/wp-content\/themes\/restance\/assets\/img\/black-and-white-architecture-structure-sky-skyline-window-1415729-pxhere.com.webp","contentUrl":"https:\/\/bbi-realestate.de\/wp-content\/themes\/restance\/assets\/img\/black-and-white-architecture-structure-sky-skyline-window-1415729-pxhere.com.webp"},{"@type":"BreadcrumbList","@id":"https:\/\/bbi-realestate.de\/en\/unternehmen\/#breadcrumb","itemListElement":[{"@type":"ListItem","position":1,"name":"Startseite","item":"https:\/\/bbi-realestate.de\/"},{"@type":"ListItem","position":2,"name":"Unternehmen"}]},{"@type":"WebSite","@id":"http:\/\/bbi-realestate.de\/#website","url":"http:\/\/bbi-realestate.de\/","name":"BBI Realestate","description":"","publisher":{"@id":"http:\/\/bbi-realestate.de\/#organization"},"potentialAction":[{"@type":"SearchAction","target":{"@type":"EntryPoint","urlTemplate":"http:\/\/bbi-realestate.de\/?s={search_term_string}"},"query-input":{"@type":"PropertyValueSpecification","valueRequired":true,"valueName":"search_term_string"}}],"inLanguage":"en-GB"},{"@type":"Organization","@id":"http:\/\/bbi-realestate.de\/#organization","name":"BBI Realestate","url":"http:\/\/bbi-realestate.de\/","logo":{"@type":"ImageObject","inLanguage":"en-GB","@id":"http:\/\/bbi-realestate.de\/#\/schema\/logo\/image\/","url":"https:\/\/bbi-realestate.de\/wp-content\/uploads\/2024\/10\/cropped-cropped-logo2.png","contentUrl":"https:\/\/bbi-realestate.de\/wp-content\/uploads\/2024\/10\/cropped-cropped-logo2.png","width":512,"height":512,"caption":"BBI Realestate"},"image":{"@id":"http:\/\/bbi-realestate.de\/#\/schema\/logo\/image\/"}}]}},"_links":{"self":[{"href":"https:\/\/bbi-realestate.de\/en\/wp-json\/wp\/v2\/pages\/1309","targetHints":{"allow":["GET"]}}],"collection":[{"href":"https:\/\/bbi-realestate.de\/en\/wp-json\/wp\/v2\/pages"}],"about":[{"href":"https:\/\/bbi-realestate.de\/en\/wp-json\/wp\/v2\/types\/page"}],"author":[{"embeddable":true,"href":"https:\/\/bbi-realestate.de\/en\/wp-json\/wp\/v2\/users\/1"}],"replies":[{"embeddable":true,"href":"https:\/\/bbi-realestate.de\/en\/wp-json\/wp\/v2\/comments?post=1309"}],"version-history":[{"count":9,"href":"https:\/\/bbi-realestate.de\/en\/wp-json\/wp\/v2\/pages\/1309\/revisions"}],"predecessor-version":[{"id":1320,"href":"https:\/\/bbi-realestate.de\/en\/wp-json\/wp\/v2\/pages\/1309\/revisions\/1320"}],"wp:attachment":[{"href":"https:\/\/bbi-realestate.de\/en\/wp-json\/wp\/v2\/media?parent=1309"}],"curies":[{"name":"wp","href":"https:\/\/api.w.org\/{rel}","templated":true}]}}