{"id":316,"date":"2023-03-23T10:33:13","date_gmt":"2023-03-23T09:33:13","guid":{"rendered":"http:\/\/bbi-realestate.de\/?page_id=316"},"modified":"2023-04-11T12:54:11","modified_gmt":"2023-04-11T10:54:11","slug":"objekt-velbert","status":"publish","type":"page","link":"http:\/\/bbi-realestate.de\/en\/objekt-velbert\/","title":{"rendered":"Objekt-Velbert"},"content":{"rendered":"<div data-elementor-type=\"wp-page\" data-elementor-id=\"316\" class=\"elementor elementor-316\">\n\t\t\t\t\t\t\t\t\t<section class=\"elementor-section elementor-top-section elementor-element elementor-element-54fbeb84 elementor-section-height-min-height elementor-section-boxed elementor-section-height-default elementor-section-items-middle\" data-id=\"54fbeb84\" data-element_type=\"section\" data-settings=\"{&quot;background_background&quot;:&quot;classic&quot;}\">\n\t\t\t\t\t\t\t<div class=\"elementor-background-overlay\"><\/div>\n\t\t\t\t\t\t\t<div class=\"elementor-container elementor-column-gap-default\">\n\t\t\t\t\t<div class=\"elementor-column elementor-col-100 elementor-top-column elementor-element elementor-element-72148322\" data-id=\"72148322\" data-element_type=\"column\">\n\t\t\t<div class=\"elementor-widget-wrap elementor-element-populated\">\n\t\t\t\t\t\t\t\t<div class=\"elementor-element elementor-element-43ab2d14 elementor-widget elementor-widget-heading\" data-id=\"43ab2d14\" data-element_type=\"widget\" data-widget_type=\"heading.default\">\n\t\t\t\t<div class=\"elementor-widget-container\">\n\t\t\t<style>\/*! elementor - v3.11.5 - 14-03-2023 *\/\n.elementor-heading-title{padding:0;margin:0;line-height:1}.elementor-widget-heading .elementor-heading-title[class*=elementor-size-]>a{color:inherit;font-size:inherit;line-height:inherit}.elementor-widget-heading .elementor-heading-title.elementor-size-small{font-size:15px}.elementor-widget-heading .elementor-heading-title.elementor-size-medium{font-size:19px}.elementor-widget-heading .elementor-heading-title.elementor-size-large{font-size:29px}.elementor-widget-heading .elementor-heading-title.elementor-size-xl{font-size:39px}.elementor-widget-heading .elementor-heading-title.elementor-size-xxl{font-size:59px}<\/style><h2 class=\"elementor-heading-title elementor-size-default\">Velbert | Mettmanner Stra\u00dfe 26 in 42549 Velbert<\/h2>\t\t<\/div>\n\t\t\t\t<\/div>\n\t\t\t\t<section class=\"elementor-section elementor-inner-section elementor-element elementor-element-693e5e2f elementor-section-boxed elementor-section-height-default elementor-section-height-default\" data-id=\"693e5e2f\" data-element_type=\"section\">\n\t\t\t\t\t\t<div class=\"elementor-container elementor-column-gap-default\">\n\t\t\t\t\t<div class=\"elementor-column elementor-col-100 elementor-inner-column elementor-element elementor-element-6d6cbe1d\" data-id=\"6d6cbe1d\" data-element_type=\"column\">\n\t\t\t<div class=\"elementor-widget-wrap elementor-element-populated\">\n\t\t\t\t\t\t\t\t<div class=\"elementor-element elementor-element-2116cae4 elementor-align-center elementor-widget elementor-widget-button\" data-id=\"2116cae4\" data-element_type=\"widget\" data-widget_type=\"button.default\">\n\t\t\t\t<div class=\"elementor-widget-container\">\n\t\t\t\t\t<div class=\"elementor-button-wrapper\">\n\t\t\t<a href=\"http:\/\/bbi-realestate.de\/en\/kontakt\/\" class=\"elementor-button-link elementor-button elementor-size-sm\" role=\"button\">\n\t\t\t\t\t\t<span class=\"elementor-button-content-wrapper\">\n\t\t\t\t\t\t<span class=\"elementor-button-text\">Contact<\/span>\n\t\t<\/span>\n\t\t\t\t\t<\/a>\n\t\t<\/div>\n\t\t\t\t<\/div>\n\t\t\t\t<\/div>\n\t\t\t\t\t<\/div>\n\t\t<\/div>\n\t\t\t\t\t\t\t<\/div>\n\t\t<\/section>\n\t\t\t\t\t<\/div>\n\t\t<\/div>\n\t\t\t\t\t\t\t<\/div>\n\t\t<\/section>\n\t\t\t\t<section class=\"elementor-section elementor-top-section elementor-element elementor-element-1dc565bc elementor-section-boxed elementor-section-height-default elementor-section-height-default\" data-id=\"1dc565bc\" data-element_type=\"section\">\n\t\t\t\t\t\t<div class=\"elementor-container elementor-column-gap-default\">\n\t\t\t\t\t<div class=\"elementor-column elementor-col-100 elementor-top-column elementor-element elementor-element-77c456ab\" data-id=\"77c456ab\" data-element_type=\"column\">\n\t\t\t<div class=\"elementor-widget-wrap elementor-element-populated\">\n\t\t\t\t\t\t\t\t<div class=\"elementor-element elementor-element-2385b9d0 elementor-widget elementor-widget-spacer\" data-id=\"2385b9d0\" data-element_type=\"widget\" data-widget_type=\"spacer.default\">\n\t\t\t\t<div class=\"elementor-widget-container\">\n\t\t\t<style>\/*! elementor - v3.11.5 - 14-03-2023 *\/\n.elementor-column .elementor-spacer-inner{height:var(--spacer-size)}.e-con{--container-widget-width:100%}.e-con-inner>.elementor-widget-spacer,.e-con>.elementor-widget-spacer{width:var(--container-widget-width,var(--spacer-size));--align-self:var(--container-widget-align-self,initial);--flex-shrink:0}.e-con-inner>.elementor-widget-spacer>.elementor-widget-container,.e-con-inner>.elementor-widget-spacer>.elementor-widget-container>.elementor-spacer,.e-con>.elementor-widget-spacer>.elementor-widget-container,.e-con>.elementor-widget-spacer>.elementor-widget-container>.elementor-spacer{height:100%}.e-con-inner>.elementor-widget-spacer>.elementor-widget-container>.elementor-spacer>.elementor-spacer-inner,.e-con>.elementor-widget-spacer>.elementor-widget-container>.elementor-spacer>.elementor-spacer-inner{height:var(--container-widget-height,var(--spacer-size))}<\/style>\t\t<div class=\"elementor-spacer\">\n\t\t\t<div class=\"elementor-spacer-inner\"><\/div>\n\t\t<\/div>\n\t\t\t\t<\/div>\n\t\t\t\t<\/div>\n\t\t\t\t\t<\/div>\n\t\t<\/div>\n\t\t\t\t\t\t\t<\/div>\n\t\t<\/section>\n\t\t\t\t<section class=\"elementor-section elementor-top-section elementor-element elementor-element-7c279a53 elementor-section-boxed elementor-section-height-default elementor-section-height-default\" data-id=\"7c279a53\" data-element_type=\"section\">\n\t\t\t\t\t\t<div class=\"elementor-container elementor-column-gap-default\">\n\t\t\t\t\t<div class=\"elementor-column elementor-col-50 elementor-top-column elementor-element elementor-element-36adc540\" data-id=\"36adc540\" data-element_type=\"column\">\n\t\t\t<div class=\"elementor-widget-wrap elementor-element-populated\">\n\t\t\t\t\t\t\t\t<section class=\"elementor-section elementor-inner-section elementor-element elementor-element-fb99fe3 elementor-section-height-min-height elementor-section-boxed elementor-section-height-default\" data-id=\"fb99fe3\" data-element_type=\"section\" data-settings=\"{&quot;background_background&quot;:&quot;classic&quot;}\">\n\t\t\t\t\t\t<div class=\"elementor-container elementor-column-gap-default\">\n\t\t\t\t\t<div class=\"elementor-column elementor-col-100 elementor-inner-column elementor-element elementor-element-67b038a2\" data-id=\"67b038a2\" data-element_type=\"column\">\n\t\t\t<div class=\"elementor-widget-wrap\">\n\t\t\t\t\t\t\t\t\t<\/div>\n\t\t<\/div>\n\t\t\t\t\t\t\t<\/div>\n\t\t<\/section>\n\t\t\t\t<section class=\"elementor-section elementor-inner-section elementor-element elementor-element-5fd05426 elementor-section-boxed elementor-section-height-default elementor-section-height-default\" data-id=\"5fd05426\" data-element_type=\"section\" data-settings=\"{&quot;background_background&quot;:&quot;classic&quot;}\">\n\t\t\t\t\t\t<div class=\"elementor-container elementor-column-gap-default\">\n\t\t\t\t\t<div class=\"elementor-column elementor-col-100 elementor-inner-column elementor-element elementor-element-4d621f57\" data-id=\"4d621f57\" data-element_type=\"column\">\n\t\t\t<div class=\"elementor-widget-wrap elementor-element-populated\">\n\t\t\t\t\t\t\t\t<div class=\"elementor-element elementor-element-bb85021 elementor-widget elementor-widget-heading\" data-id=\"bb85021\" data-element_type=\"widget\" data-widget_type=\"heading.default\">\n\t\t\t\t<div class=\"elementor-widget-container\">\n\t\t\t<h2 class=\"elementor-heading-title elementor-size-default\">\nGrundst\u00fccksfl\u00e4che: 1.056 m\u00b2<\/h2>\t\t<\/div>\n\t\t\t\t<\/div>\n\t\t\t\t<div class=\"elementor-element elementor-element-f7ca503 elementor-widget elementor-widget-heading\" data-id=\"f7ca503\" data-element_type=\"widget\" data-widget_type=\"heading.default\">\n\t\t\t\t<div class=\"elementor-widget-container\">\n\t\t\t<h2 class=\"elementor-heading-title elementor-size-default\">Wohnfl\u00e4che soll: ca. 1.000 m\u00b2<\/h2>\t\t<\/div>\n\t\t\t\t<\/div>\n\t\t\t\t<div class=\"elementor-element elementor-element-47aee45c elementor-widget elementor-widget-heading\" data-id=\"47aee45c\" data-element_type=\"widget\" data-widget_type=\"heading.default\">\n\t\t\t\t<div class=\"elementor-widget-container\">\n\t\t\t<h2 class=\"elementor-heading-title elementor-size-default\">Preis: 2.800.000 \u20ac<\/h2>\t\t<\/div>\n\t\t\t\t<\/div>\n\t\t\t\t\t<\/div>\n\t\t<\/div>\n\t\t\t\t\t\t\t<\/div>\n\t\t<\/section>\n\t\t\t\t\t<\/div>\n\t\t<\/div>\n\t\t\t\t<div class=\"elementor-column elementor-col-50 elementor-top-column elementor-element elementor-element-4d9d98b3\" data-id=\"4d9d98b3\" data-element_type=\"column\">\n\t\t\t<div class=\"elementor-widget-wrap elementor-element-populated\">\n\t\t\t\t\t\t\t\t<div class=\"elementor-element elementor-element-c43d6f1 elementor-widget elementor-widget-image\" data-id=\"c43d6f1\" data-element_type=\"widget\" data-widget_type=\"image.default\">\n\t\t\t\t<div class=\"elementor-widget-container\">\n\t\t\t<style>\/*! elementor - v3.11.5 - 14-03-2023 *\/\n.elementor-widget-image{text-align:center}.elementor-widget-image a{display:inline-block}.elementor-widget-image a img[src$=\".svg\"]{width:48px}.elementor-widget-image img{vertical-align:middle;display:inline-block}<\/style>\t\t\t\t\t\t\t\t\t\t\t\t<img loading=\"lazy\" decoding=\"async\" width=\"1024\" height=\"718\" src=\"http:\/\/bbi-realestate.de\/wp-content\/uploads\/2023\/03\/Postproduktion_Bueros_Final-1024x718.jpg\" class=\"attachment-large size-large wp-image-434\" alt=\"\" srcset=\"http:\/\/bbi-realestate.de\/wp-content\/uploads\/2023\/03\/Postproduktion_Bueros_Final-1024x718.jpg 1024w, http:\/\/bbi-realestate.de\/wp-content\/uploads\/2023\/03\/Postproduktion_Bueros_Final-300x210.jpg 300w, http:\/\/bbi-realestate.de\/wp-content\/uploads\/2023\/03\/Postproduktion_Bueros_Final-768x538.jpg 768w, http:\/\/bbi-realestate.de\/wp-content\/uploads\/2023\/03\/Postproduktion_Bueros_Final.jpg 1027w\" sizes=\"auto, (max-width: 1024px) 100vw, 1024px\" \/>\t\t\t\t\t\t\t\t\t\t\t\t\t\t\t<\/div>\n\t\t\t\t<\/div>\n\t\t\t\t<div class=\"elementor-element elementor-element-5a0eb6d0 elementor-widget elementor-widget-image\" data-id=\"5a0eb6d0\" data-element_type=\"widget\" data-widget_type=\"image.default\">\n\t\t\t\t<div class=\"elementor-widget-container\">\n\t\t\t\t\t\t\t\t\t\t\t\t\t\t\t<img loading=\"lazy\" decoding=\"async\" width=\"1000\" height=\"500\" src=\"http:\/\/bbi-realestate.de\/wp-content\/uploads\/2023\/03\/Bildschirm_foto-2023-03-17-um-14.23.00-q3ne5bnj9nb31dpcq9vbktun2amb4pyivgrvzid954.png\" class=\"attachment-large size-large wp-image-436\" alt=\"\" srcset=\"http:\/\/bbi-realestate.de\/wp-content\/uploads\/2023\/03\/Bildschirm_foto-2023-03-17-um-14.23.00-q3ne5bnj9nb31dpcq9vbktun2amb4pyivgrvzid954.png 1000w, http:\/\/bbi-realestate.de\/wp-content\/uploads\/2023\/03\/Bildschirm_foto-2023-03-17-um-14.23.00-q3ne5bnj9nb31dpcq9vbktun2amb4pyivgrvzid954-300x150.png 300w, http:\/\/bbi-realestate.de\/wp-content\/uploads\/2023\/03\/Bildschirm_foto-2023-03-17-um-14.23.00-q3ne5bnj9nb31dpcq9vbktun2amb4pyivgrvzid954-768x384.png 768w\" sizes=\"auto, (max-width: 1000px) 100vw, 1000px\" \/>\t\t\t\t\t\t\t\t\t\t\t\t\t\t\t<\/div>\n\t\t\t\t<\/div>\n\t\t\t\t\t<\/div>\n\t\t<\/div>\n\t\t\t\t\t\t\t<\/div>\n\t\t<\/section>\n\t\t\t\t<section class=\"elementor-section elementor-top-section elementor-element elementor-element-6312486a elementor-section-height-min-height elementor-section-boxed elementor-section-height-default elementor-section-items-middle\" data-id=\"6312486a\" data-element_type=\"section\">\n\t\t\t\t\t\t<div class=\"elementor-container elementor-column-gap-default\">\n\t\t\t\t\t<div class=\"elementor-column elementor-col-100 elementor-top-column elementor-element elementor-element-3aad5e\" data-id=\"3aad5e\" data-element_type=\"column\">\n\t\t\t<div class=\"elementor-widget-wrap\">\n\t\t\t\t\t\t\t\t\t<\/div>\n\t\t<\/div>\n\t\t\t\t\t\t\t<\/div>\n\t\t<\/section>\n\t\t\t\t<section class=\"elementor-section elementor-top-section elementor-element elementor-element-669ef7a6 elementor-section-boxed elementor-section-height-default elementor-section-height-default\" data-id=\"669ef7a6\" data-element_type=\"section\">\n\t\t\t\t\t\t<div class=\"elementor-container elementor-column-gap-default\">\n\t\t\t\t\t<div class=\"elementor-column elementor-col-100 elementor-top-column elementor-element elementor-element-16e05156\" data-id=\"16e05156\" data-element_type=\"column\">\n\t\t\t<div class=\"elementor-widget-wrap elementor-element-populated\">\n\t\t\t\t\t\t\t\t<section class=\"elementor-section elementor-inner-section elementor-element elementor-element-210ac556 elementor-section-boxed elementor-section-height-default elementor-section-height-default\" data-id=\"210ac556\" data-element_type=\"section\" data-settings=\"{&quot;background_background&quot;:&quot;classic&quot;}\">\n\t\t\t\t\t\t<div class=\"elementor-container elementor-column-gap-default\">\n\t\t\t\t\t<div class=\"elementor-column elementor-col-100 elementor-inner-column elementor-element elementor-element-6132b9bb\" data-id=\"6132b9bb\" data-element_type=\"column\">\n\t\t\t<div class=\"elementor-widget-wrap elementor-element-populated\">\n\t\t\t\t\t\t\t\t<div class=\"elementor-element elementor-element-1c52d46 elementor-widget elementor-widget-text-editor\" data-id=\"1c52d46\" data-element_type=\"widget\" data-widget_type=\"text-editor.default\">\n\t\t\t\t<div class=\"elementor-widget-container\">\n\t\t\t<style>\/*! elementor - v3.11.5 - 14-03-2023 *\/\n.elementor-widget-text-editor.elementor-drop-cap-view-stacked .elementor-drop-cap{background-color:#818a91;color:#fff}.elementor-widget-text-editor.elementor-drop-cap-view-framed .elementor-drop-cap{color:#818a91;border:3px solid;background-color:transparent}.elementor-widget-text-editor:not(.elementor-drop-cap-view-default) .elementor-drop-cap{margin-top:8px}.elementor-widget-text-editor:not(.elementor-drop-cap-view-default) .elementor-drop-cap-letter{width:1em;height:1em}.elementor-widget-text-editor .elementor-drop-cap{float:left;text-align:center;line-height:1;font-size:50px}.elementor-widget-text-editor .elementor-drop-cap-letter{display:inline-block}<\/style>\t\t\t\t<p class=\"elementor-heading-title elementor-size-default\">Bestehendes Mehrfamilienhaus mit 8 Wohneinheiten und 3 Gewerbeeinheiten.<\/p>\t\t\t\t\t\t<\/div>\n\t\t\t\t<\/div>\n\t\t\t\t\t<\/div>\n\t\t<\/div>\n\t\t\t\t\t\t\t<\/div>\n\t\t<\/section>\n\t\t\t\t\t<\/div>\n\t\t<\/div>\n\t\t\t\t\t\t\t<\/div>\n\t\t<\/section>\n\t\t\t\t<section class=\"elementor-section elementor-top-section elementor-element elementor-element-63c48b43 elementor-section-boxed elementor-section-height-default elementor-section-height-default\" data-id=\"63c48b43\" data-element_type=\"section\">\n\t\t\t\t\t\t<div class=\"elementor-container elementor-column-gap-default\">\n\t\t\t\t\t<div class=\"elementor-column elementor-col-100 elementor-top-column elementor-element elementor-element-77f7f5ae\" data-id=\"77f7f5ae\" data-element_type=\"column\">\n\t\t\t<div class=\"elementor-widget-wrap elementor-element-populated\">\n\t\t\t\t\t\t\t\t<section class=\"elementor-section elementor-inner-section elementor-element elementor-element-6864b18b elementor-section-boxed elementor-section-height-default elementor-section-height-default\" data-id=\"6864b18b\" data-element_type=\"section\">\n\t\t\t\t\t\t<div class=\"elementor-container elementor-column-gap-default\">\n\t\t\t\t\t<div class=\"elementor-column elementor-col-100 elementor-inner-column elementor-element elementor-element-5aeed48a\" data-id=\"5aeed48a\" data-element_type=\"column\">\n\t\t\t<div class=\"elementor-widget-wrap elementor-element-populated\">\n\t\t\t\t\t\t\t\t<div class=\"elementor-element elementor-element-1827a33c elementor-align-center elementor-widget elementor-widget-button\" data-id=\"1827a33c\" data-element_type=\"widget\" data-widget_type=\"button.default\">\n\t\t\t\t<div class=\"elementor-widget-container\">\n\t\t\t\t\t<div class=\"elementor-button-wrapper\">\n\t\t\t<a href=\"http:\/\/bbi-realestate.de\/en\/kontakt\/\" class=\"elementor-button-link elementor-button elementor-size-sm\" role=\"button\">\n\t\t\t\t\t\t<span class=\"elementor-button-content-wrapper\">\n\t\t\t\t\t\t<span class=\"elementor-button-text\">Contact<\/span>\n\t\t<\/span>\n\t\t\t\t\t<\/a>\n\t\t<\/div>\n\t\t\t\t<\/div>\n\t\t\t\t<\/div>\n\t\t\t\t\t<\/div>\n\t\t<\/div>\n\t\t\t\t\t\t\t<\/div>\n\t\t<\/section>\n\t\t\t\t\t<\/div>\n\t\t<\/div>\n\t\t\t\t\t\t\t<\/div>\n\t\t<\/section>\n\t\t\t\t\t\t\t<\/div>","protected":false},"excerpt":{"rendered":"<p>Velbert | Mettmanner Stra\u00dfe 26 in 42549 Velbert Kontakt Grundst\u00fccksfl\u00e4che: 1.056 m\u00b2 Wohnfl\u00e4che soll: ca. 1.000 m\u00b2 Preis: 2.800.000 \u20ac Bestehendes Mehrfamilienhaus mit 8 Wohneinheiten und 3 Gewerbeeinheiten. Kontakt<\/p>","protected":false},"author":1,"featured_media":0,"parent":0,"menu_order":0,"comment_status":"closed","ping_status":"closed","template":"","meta":{"footnotes":""},"class_list":["post-316","page","type-page","status-publish","hentry"],"yoast_head":"<!-- This site is optimized with the Yoast SEO plugin v23.8 - https:\/\/yoast.com\/wordpress\/plugins\/seo\/ -->\n<title>Objekt-Velbert - BBI Realestate Immobilien in Berlin &amp; Brandenburg \u2013 Grundst\u00fccke, H\u00e4user &amp; Wohnungen kaufen bei BBI Real Estate<\/title>\n<meta name=\"description\" content=\"BBI Real Estate ist Ihr Partner f\u00fcr Immobilien in Berlin &amp; Brandenburg. Wir bieten Grundst\u00fccke, H\u00e4user und Wohnungen zum Kauf sowie umfassenden Service von der Beratung bis zur Finanzierung.\" \/>\n<meta name=\"robots\" content=\"index, follow, max-snippet:-1, max-image-preview:large, max-video-preview:-1\" \/>\n<link rel=\"canonical\" href=\"http:\/\/bbi-realestate.de\/en\/objekt-velbert\/\" \/>\n<meta property=\"og:locale\" content=\"en_GB\" \/>\n<meta property=\"og:type\" content=\"article\" \/>\n<meta property=\"og:title\" content=\"Objekt-Velbert - BBI Realestate Immobilien in Berlin &amp; Brandenburg \u2013 Grundst\u00fccke, H\u00e4user &amp; Wohnungen kaufen bei BBI Real Estate\" \/>\n<meta property=\"og:description\" content=\"BBI Real Estate ist Ihr Partner f\u00fcr Immobilien in Berlin &amp; Brandenburg. Wir bieten Grundst\u00fccke, H\u00e4user und Wohnungen zum Kauf sowie umfassenden Service von der Beratung bis zur Finanzierung.\" \/>\n<meta property=\"og:url\" content=\"http:\/\/bbi-realestate.de\/en\/objekt-velbert\/\" \/>\n<meta property=\"og:site_name\" content=\"BBI Realestate\" \/>\n<meta property=\"article:modified_time\" content=\"2023-04-11T10:54:11+00:00\" \/>\n<meta property=\"og:image\" content=\"http:\/\/bbi-realestate.de\/wp-content\/uploads\/2023\/03\/Postproduktion_Bueros_Final-1024x718.jpg\" \/>\n<meta name=\"twitter:card\" content=\"summary_large_image\" \/>\n<script type=\"application\/ld+json\" class=\"yoast-schema-graph\">{\"@context\":\"https:\/\/schema.org\",\"@graph\":[{\"@type\":\"WebPage\",\"@id\":\"http:\/\/bbi-realestate.de\/objekt-velbert\/\",\"url\":\"http:\/\/bbi-realestate.de\/objekt-velbert\/\",\"name\":\"Objekt-Velbert - BBI Realestate Immobilien in Berlin & Brandenburg \u2013 Grundst\u00fccke, H\u00e4user & Wohnungen kaufen bei BBI Real Estate\",\"isPartOf\":{\"@id\":\"https:\/\/bbi-realestate.de\/#website\"},\"primaryImageOfPage\":{\"@id\":\"http:\/\/bbi-realestate.de\/objekt-velbert\/#primaryimage\"},\"image\":{\"@id\":\"http:\/\/bbi-realestate.de\/objekt-velbert\/#primaryimage\"},\"thumbnailUrl\":\"http:\/\/bbi-realestate.de\/wp-content\/uploads\/2023\/03\/Postproduktion_Bueros_Final-1024x718.jpg\",\"datePublished\":\"2023-03-23T09:33:13+00:00\",\"dateModified\":\"2023-04-11T10:54:11+00:00\",\"description\":\"BBI Real Estate ist Ihr Partner f\u00fcr Immobilien in Berlin & Brandenburg. Wir bieten Grundst\u00fccke, H\u00e4user und Wohnungen zum Kauf sowie umfassenden Service von der Beratung bis zur Finanzierung.\",\"breadcrumb\":{\"@id\":\"http:\/\/bbi-realestate.de\/objekt-velbert\/#breadcrumb\"},\"inLanguage\":\"en-GB\",\"potentialAction\":[{\"@type\":\"ReadAction\",\"target\":[\"http:\/\/bbi-realestate.de\/objekt-velbert\/\"]}]},{\"@type\":\"ImageObject\",\"inLanguage\":\"en-GB\",\"@id\":\"http:\/\/bbi-realestate.de\/objekt-velbert\/#primaryimage\",\"url\":\"http:\/\/bbi-realestate.de\/wp-content\/uploads\/2023\/03\/Postproduktion_Bueros_Final-1024x718.jpg\",\"contentUrl\":\"http:\/\/bbi-realestate.de\/wp-content\/uploads\/2023\/03\/Postproduktion_Bueros_Final-1024x718.jpg\"},{\"@type\":\"BreadcrumbList\",\"@id\":\"http:\/\/bbi-realestate.de\/objekt-velbert\/#breadcrumb\",\"itemListElement\":[{\"@type\":\"ListItem\",\"position\":1,\"name\":\"Startseite\",\"item\":\"https:\/\/bbi-realestate.de\/\"},{\"@type\":\"ListItem\",\"position\":2,\"name\":\"Objekt-Velbert\"}]},{\"@type\":\"WebSite\",\"@id\":\"https:\/\/bbi-realestate.de\/#website\",\"url\":\"https:\/\/bbi-realestate.de\/\",\"name\":\"BBI Realestate\",\"description\":\"\",\"publisher\":{\"@id\":\"https:\/\/bbi-realestate.de\/#organization\"},\"potentialAction\":[{\"@type\":\"SearchAction\",\"target\":{\"@type\":\"EntryPoint\",\"urlTemplate\":\"https:\/\/bbi-realestate.de\/?s={search_term_string}\"},\"query-input\":{\"@type\":\"PropertyValueSpecification\",\"valueRequired\":true,\"valueName\":\"search_term_string\"}}],\"inLanguage\":\"en-GB\"},{\"@type\":\"Organization\",\"@id\":\"https:\/\/bbi-realestate.de\/#organization\",\"name\":\"BBI Realestate\",\"url\":\"https:\/\/bbi-realestate.de\/\",\"logo\":{\"@type\":\"ImageObject\",\"inLanguage\":\"en-GB\",\"@id\":\"https:\/\/bbi-realestate.de\/#\/schema\/logo\/image\/\",\"url\":\"http:\/\/bbi-realestate.de\/wp-content\/uploads\/2024\/10\/cropped-cropped-logo2.png\",\"contentUrl\":\"http:\/\/bbi-realestate.de\/wp-content\/uploads\/2024\/10\/cropped-cropped-logo2.png\",\"width\":512,\"height\":512,\"caption\":\"BBI Realestate\"},\"image\":{\"@id\":\"https:\/\/bbi-realestate.de\/#\/schema\/logo\/image\/\"}}]}<\/script>\n<!-- \/ Yoast SEO plugin. -->","yoast_head_json":{"title":"Objekt-Velbert - BBI Realestate Immobilien in Berlin & Brandenburg \u2013 Grundst\u00fccke, H\u00e4user & Wohnungen kaufen bei BBI Real Estate","description":"BBI Real Estate ist Ihr Partner f\u00fcr Immobilien in Berlin & Brandenburg. Wir bieten Grundst\u00fccke, H\u00e4user und Wohnungen zum Kauf sowie umfassenden Service von der Beratung bis zur Finanzierung.","robots":{"index":"index","follow":"follow","max-snippet":"max-snippet:-1","max-image-preview":"max-image-preview:large","max-video-preview":"max-video-preview:-1"},"canonical":"http:\/\/bbi-realestate.de\/en\/objekt-velbert\/","og_locale":"en_GB","og_type":"article","og_title":"Objekt-Velbert - BBI Realestate Immobilien in Berlin & Brandenburg \u2013 Grundst\u00fccke, H\u00e4user & Wohnungen kaufen bei BBI Real Estate","og_description":"BBI Real Estate ist Ihr Partner f\u00fcr Immobilien in Berlin & Brandenburg. Wir bieten Grundst\u00fccke, H\u00e4user und Wohnungen zum Kauf sowie umfassenden Service von der Beratung bis zur Finanzierung.","og_url":"http:\/\/bbi-realestate.de\/en\/objekt-velbert\/","og_site_name":"BBI Realestate","article_modified_time":"2023-04-11T10:54:11+00:00","og_image":[{"url":"http:\/\/bbi-realestate.de\/wp-content\/uploads\/2023\/03\/Postproduktion_Bueros_Final-1024x718.jpg"}],"twitter_card":"summary_large_image","schema":{"@context":"https:\/\/schema.org","@graph":[{"@type":"WebPage","@id":"http:\/\/bbi-realestate.de\/objekt-velbert\/","url":"http:\/\/bbi-realestate.de\/objekt-velbert\/","name":"Objekt-Velbert - BBI Realestate Immobilien in Berlin & Brandenburg \u2013 Grundst\u00fccke, H\u00e4user & Wohnungen kaufen bei BBI Real Estate","isPartOf":{"@id":"https:\/\/bbi-realestate.de\/#website"},"primaryImageOfPage":{"@id":"http:\/\/bbi-realestate.de\/objekt-velbert\/#primaryimage"},"image":{"@id":"http:\/\/bbi-realestate.de\/objekt-velbert\/#primaryimage"},"thumbnailUrl":"http:\/\/bbi-realestate.de\/wp-content\/uploads\/2023\/03\/Postproduktion_Bueros_Final-1024x718.jpg","datePublished":"2023-03-23T09:33:13+00:00","dateModified":"2023-04-11T10:54:11+00:00","description":"BBI Real Estate ist Ihr Partner f\u00fcr Immobilien in Berlin & Brandenburg. Wir bieten Grundst\u00fccke, H\u00e4user und Wohnungen zum Kauf sowie umfassenden Service von der Beratung bis zur Finanzierung.","breadcrumb":{"@id":"http:\/\/bbi-realestate.de\/objekt-velbert\/#breadcrumb"},"inLanguage":"en-GB","potentialAction":[{"@type":"ReadAction","target":["http:\/\/bbi-realestate.de\/objekt-velbert\/"]}]},{"@type":"ImageObject","inLanguage":"en-GB","@id":"http:\/\/bbi-realestate.de\/objekt-velbert\/#primaryimage","url":"http:\/\/bbi-realestate.de\/wp-content\/uploads\/2023\/03\/Postproduktion_Bueros_Final-1024x718.jpg","contentUrl":"http:\/\/bbi-realestate.de\/wp-content\/uploads\/2023\/03\/Postproduktion_Bueros_Final-1024x718.jpg"},{"@type":"BreadcrumbList","@id":"http:\/\/bbi-realestate.de\/objekt-velbert\/#breadcrumb","itemListElement":[{"@type":"ListItem","position":1,"name":"Startseite","item":"https:\/\/bbi-realestate.de\/"},{"@type":"ListItem","position":2,"name":"Objekt-Velbert"}]},{"@type":"WebSite","@id":"https:\/\/bbi-realestate.de\/#website","url":"https:\/\/bbi-realestate.de\/","name":"BBI Realestate","description":"","publisher":{"@id":"https:\/\/bbi-realestate.de\/#organization"},"potentialAction":[{"@type":"SearchAction","target":{"@type":"EntryPoint","urlTemplate":"https:\/\/bbi-realestate.de\/?s={search_term_string}"},"query-input":{"@type":"PropertyValueSpecification","valueRequired":true,"valueName":"search_term_string"}}],"inLanguage":"en-GB"},{"@type":"Organization","@id":"https:\/\/bbi-realestate.de\/#organization","name":"BBI Realestate","url":"https:\/\/bbi-realestate.de\/","logo":{"@type":"ImageObject","inLanguage":"en-GB","@id":"https:\/\/bbi-realestate.de\/#\/schema\/logo\/image\/","url":"http:\/\/bbi-realestate.de\/wp-content\/uploads\/2024\/10\/cropped-cropped-logo2.png","contentUrl":"http:\/\/bbi-realestate.de\/wp-content\/uploads\/2024\/10\/cropped-cropped-logo2.png","width":512,"height":512,"caption":"BBI Realestate"},"image":{"@id":"https:\/\/bbi-realestate.de\/#\/schema\/logo\/image\/"}}]}},"_links":{"self":[{"href":"http:\/\/bbi-realestate.de\/en\/wp-json\/wp\/v2\/pages\/316","targetHints":{"allow":["GET"]}}],"collection":[{"href":"http:\/\/bbi-realestate.de\/en\/wp-json\/wp\/v2\/pages"}],"about":[{"href":"http:\/\/bbi-realestate.de\/en\/wp-json\/wp\/v2\/types\/page"}],"author":[{"embeddable":true,"href":"http:\/\/bbi-realestate.de\/en\/wp-json\/wp\/v2\/users\/1"}],"replies":[{"embeddable":true,"href":"http:\/\/bbi-realestate.de\/en\/wp-json\/wp\/v2\/comments?post=316"}],"version-history":[{"count":13,"href":"http:\/\/bbi-realestate.de\/en\/wp-json\/wp\/v2\/pages\/316\/revisions"}],"predecessor-version":[{"id":800,"href":"http:\/\/bbi-realestate.de\/en\/wp-json\/wp\/v2\/pages\/316\/revisions\/800"}],"wp:attachment":[{"href":"http:\/\/bbi-realestate.de\/en\/wp-json\/wp\/v2\/media?parent=316"}],"curies":[{"name":"wp","href":"https:\/\/api.w.org\/{rel}","templated":true}]}}