{"id":300,"date":"2023-03-23T10:29:38","date_gmt":"2023-03-23T09:29:38","guid":{"rendered":"http:\/\/bbi-realestate.de\/?page_id=300"},"modified":"2023-04-11T12:47:35","modified_gmt":"2023-04-11T10:47:35","slug":"objekt-biesenthal","status":"publish","type":"page","link":"http:\/\/bbi-realestate.de\/en\/objekt-biesenthal\/","title":{"rendered":"Objekt-Biesenthal"},"content":{"rendered":"<div data-elementor-type=\"wp-page\" data-elementor-id=\"300\" class=\"elementor elementor-300\">\n\t\t\t\t\t\t\t\t\t<section class=\"elementor-section elementor-top-section elementor-element elementor-element-67b00bd4 elementor-section-height-min-height elementor-section-boxed elementor-section-height-default elementor-section-items-middle\" data-id=\"67b00bd4\" data-element_type=\"section\" data-settings=\"{&quot;background_background&quot;:&quot;classic&quot;}\">\n\t\t\t\t\t\t\t<div class=\"elementor-background-overlay\"><\/div>\n\t\t\t\t\t\t\t<div class=\"elementor-container elementor-column-gap-default\">\n\t\t\t\t\t<div class=\"elementor-column elementor-col-100 elementor-top-column elementor-element elementor-element-37b4a866\" data-id=\"37b4a866\" data-element_type=\"column\">\n\t\t\t<div class=\"elementor-widget-wrap elementor-element-populated\">\n\t\t\t\t\t\t\t\t<div class=\"elementor-element elementor-element-4d756e27 elementor-widget elementor-widget-heading\" data-id=\"4d756e27\" data-element_type=\"widget\" data-widget_type=\"heading.default\">\n\t\t\t\t<div class=\"elementor-widget-container\">\n\t\t\t<style>\/*! elementor - v3.11.5 - 14-03-2023 *\/\n.elementor-heading-title{padding:0;margin:0;line-height:1}.elementor-widget-heading .elementor-heading-title[class*=elementor-size-]>a{color:inherit;font-size:inherit;line-height:inherit}.elementor-widget-heading .elementor-heading-title.elementor-size-small{font-size:15px}.elementor-widget-heading .elementor-heading-title.elementor-size-medium{font-size:19px}.elementor-widget-heading .elementor-heading-title.elementor-size-large{font-size:29px}.elementor-widget-heading .elementor-heading-title.elementor-size-xl{font-size:39px}.elementor-widget-heading .elementor-heading-title.elementor-size-xxl{font-size:59px}<\/style><h2 class=\"elementor-heading-title elementor-size-default\">Biesenthal | in 16359 Biesenthal Barnim<\/h2>\t\t<\/div>\n\t\t\t\t<\/div>\n\t\t\t\t<section class=\"elementor-section elementor-inner-section elementor-element elementor-element-bb6e64f elementor-section-boxed elementor-section-height-default elementor-section-height-default\" data-id=\"bb6e64f\" data-element_type=\"section\">\n\t\t\t\t\t\t<div class=\"elementor-container elementor-column-gap-default\">\n\t\t\t\t\t<div class=\"elementor-column elementor-col-100 elementor-inner-column elementor-element elementor-element-6f91418\" data-id=\"6f91418\" data-element_type=\"column\">\n\t\t\t<div class=\"elementor-widget-wrap elementor-element-populated\">\n\t\t\t\t\t\t\t\t<div class=\"elementor-element elementor-element-81bfa8f elementor-align-center elementor-widget elementor-widget-button\" data-id=\"81bfa8f\" data-element_type=\"widget\" data-widget_type=\"button.default\">\n\t\t\t\t<div class=\"elementor-widget-container\">\n\t\t\t\t\t<div class=\"elementor-button-wrapper\">\n\t\t\t<a href=\"http:\/\/bbi-realestate.de\/en\/kontakt\/\" class=\"elementor-button-link elementor-button elementor-size-sm\" role=\"button\">\n\t\t\t\t\t\t<span class=\"elementor-button-content-wrapper\">\n\t\t\t\t\t\t<span class=\"elementor-button-text\">Contact<\/span>\n\t\t<\/span>\n\t\t\t\t\t<\/a>\n\t\t<\/div>\n\t\t\t\t<\/div>\n\t\t\t\t<\/div>\n\t\t\t\t\t<\/div>\n\t\t<\/div>\n\t\t\t\t\t\t\t<\/div>\n\t\t<\/section>\n\t\t\t\t\t<\/div>\n\t\t<\/div>\n\t\t\t\t\t\t\t<\/div>\n\t\t<\/section>\n\t\t\t\t<section class=\"elementor-section elementor-top-section elementor-element elementor-element-50740be8 elementor-section-boxed elementor-section-height-default elementor-section-height-default\" data-id=\"50740be8\" data-element_type=\"section\">\n\t\t\t\t\t\t<div class=\"elementor-container elementor-column-gap-default\">\n\t\t\t\t\t<div class=\"elementor-column elementor-col-100 elementor-top-column elementor-element elementor-element-18cb680e\" data-id=\"18cb680e\" data-element_type=\"column\">\n\t\t\t<div class=\"elementor-widget-wrap elementor-element-populated\">\n\t\t\t\t\t\t\t\t<div class=\"elementor-element elementor-element-5d64dbf2 elementor-widget elementor-widget-spacer\" data-id=\"5d64dbf2\" data-element_type=\"widget\" data-widget_type=\"spacer.default\">\n\t\t\t\t<div class=\"elementor-widget-container\">\n\t\t\t<style>\/*! elementor - v3.11.5 - 14-03-2023 *\/\n.elementor-column .elementor-spacer-inner{height:var(--spacer-size)}.e-con{--container-widget-width:100%}.e-con-inner>.elementor-widget-spacer,.e-con>.elementor-widget-spacer{width:var(--container-widget-width,var(--spacer-size));--align-self:var(--container-widget-align-self,initial);--flex-shrink:0}.e-con-inner>.elementor-widget-spacer>.elementor-widget-container,.e-con-inner>.elementor-widget-spacer>.elementor-widget-container>.elementor-spacer,.e-con>.elementor-widget-spacer>.elementor-widget-container,.e-con>.elementor-widget-spacer>.elementor-widget-container>.elementor-spacer{height:100%}.e-con-inner>.elementor-widget-spacer>.elementor-widget-container>.elementor-spacer>.elementor-spacer-inner,.e-con>.elementor-widget-spacer>.elementor-widget-container>.elementor-spacer>.elementor-spacer-inner{height:var(--container-widget-height,var(--spacer-size))}<\/style>\t\t<div class=\"elementor-spacer\">\n\t\t\t<div class=\"elementor-spacer-inner\"><\/div>\n\t\t<\/div>\n\t\t\t\t<\/div>\n\t\t\t\t<\/div>\n\t\t\t\t\t<\/div>\n\t\t<\/div>\n\t\t\t\t\t\t\t<\/div>\n\t\t<\/section>\n\t\t\t\t<section class=\"elementor-section elementor-top-section elementor-element elementor-element-51b66cc4 elementor-section-boxed elementor-section-height-default elementor-section-height-default\" data-id=\"51b66cc4\" data-element_type=\"section\">\n\t\t\t\t\t\t<div class=\"elementor-container elementor-column-gap-default\">\n\t\t\t\t\t<div class=\"elementor-column elementor-col-50 elementor-top-column elementor-element elementor-element-3d2b98f4\" data-id=\"3d2b98f4\" data-element_type=\"column\">\n\t\t\t<div class=\"elementor-widget-wrap elementor-element-populated\">\n\t\t\t\t\t\t\t\t<section class=\"elementor-section elementor-inner-section elementor-element elementor-element-2baebf34 elementor-section-height-min-height elementor-section-boxed elementor-section-height-default\" data-id=\"2baebf34\" data-element_type=\"section\" data-settings=\"{&quot;background_background&quot;:&quot;classic&quot;}\">\n\t\t\t\t\t\t<div class=\"elementor-container elementor-column-gap-default\">\n\t\t\t\t\t<div class=\"elementor-column elementor-col-100 elementor-inner-column elementor-element elementor-element-26fd2db3\" data-id=\"26fd2db3\" data-element_type=\"column\">\n\t\t\t<div class=\"elementor-widget-wrap\">\n\t\t\t\t\t\t\t\t\t<\/div>\n\t\t<\/div>\n\t\t\t\t\t\t\t<\/div>\n\t\t<\/section>\n\t\t\t\t<section class=\"elementor-section elementor-inner-section elementor-element elementor-element-782c2d65 elementor-section-boxed elementor-section-height-default elementor-section-height-default\" data-id=\"782c2d65\" data-element_type=\"section\" data-settings=\"{&quot;background_background&quot;:&quot;classic&quot;}\">\n\t\t\t\t\t\t<div class=\"elementor-container elementor-column-gap-default\">\n\t\t\t\t\t<div class=\"elementor-column elementor-col-100 elementor-inner-column elementor-element elementor-element-77a8ae4f\" data-id=\"77a8ae4f\" data-element_type=\"column\">\n\t\t\t<div class=\"elementor-widget-wrap elementor-element-populated\">\n\t\t\t\t\t\t\t\t<div class=\"elementor-element elementor-element-57df825e elementor-widget elementor-widget-heading\" data-id=\"57df825e\" data-element_type=\"widget\" data-widget_type=\"heading.default\">\n\t\t\t\t<div class=\"elementor-widget-container\">\n\t\t\t<h2 class=\"elementor-heading-title elementor-size-default\">Grundst\u00fccksfl\u00e4che: ca. 74.880 m\u00b2<\/h2>\t\t<\/div>\n\t\t\t\t<\/div>\n\t\t\t\t<div class=\"elementor-element elementor-element-44d15fdf elementor-widget elementor-widget-heading\" data-id=\"44d15fdf\" data-element_type=\"widget\" data-widget_type=\"heading.default\">\n\t\t\t\t<div class=\"elementor-widget-container\">\n\t\t\t<h2 class=\"elementor-heading-title elementor-size-default\">Wohnfl\u00e4che soll: ca. 22.200 m\u00b2<\/h2>\t\t<\/div>\n\t\t\t\t<\/div>\n\t\t\t\t<div class=\"elementor-element elementor-element-7c016b6a elementor-widget elementor-widget-heading\" data-id=\"7c016b6a\" data-element_type=\"widget\" data-widget_type=\"heading.default\">\n\t\t\t\t<div class=\"elementor-widget-container\">\n\t\t\t<h2 class=\"elementor-heading-title elementor-size-default\">Preis: 42.000.000 \u20ac\n<\/h2>\t\t<\/div>\n\t\t\t\t<\/div>\n\t\t\t\t\t<\/div>\n\t\t<\/div>\n\t\t\t\t\t\t\t<\/div>\n\t\t<\/section>\n\t\t\t\t\t<\/div>\n\t\t<\/div>\n\t\t\t\t<div class=\"elementor-column elementor-col-50 elementor-top-column elementor-element elementor-element-71c63c53\" data-id=\"71c63c53\" data-element_type=\"column\">\n\t\t\t<div class=\"elementor-widget-wrap elementor-element-populated\">\n\t\t\t\t\t\t\t\t<div class=\"elementor-element elementor-element-212b22e1 elementor-widget elementor-widget-image\" data-id=\"212b22e1\" data-element_type=\"widget\" data-widget_type=\"image.default\">\n\t\t\t\t<div class=\"elementor-widget-container\">\n\t\t\t<style>\/*! elementor - v3.11.5 - 14-03-2023 *\/\n.elementor-widget-image{text-align:center}.elementor-widget-image a{display:inline-block}.elementor-widget-image a img[src$=\".svg\"]{width:48px}.elementor-widget-image img{vertical-align:middle;display:inline-block}<\/style>\t\t\t\t\t\t\t\t\t\t\t\t<img loading=\"lazy\" decoding=\"async\" width=\"1024\" height=\"514\" src=\"http:\/\/bbi-realestate.de\/wp-content\/uploads\/2023\/03\/Bildschirm_foto-2023-03-20-um-15.27.54-1024x514.png\" class=\"attachment-large size-large wp-image-376\" alt=\"\" srcset=\"http:\/\/bbi-realestate.de\/wp-content\/uploads\/2023\/03\/Bildschirm_foto-2023-03-20-um-15.27.54-1024x514.png 1024w, http:\/\/bbi-realestate.de\/wp-content\/uploads\/2023\/03\/Bildschirm_foto-2023-03-20-um-15.27.54-300x151.png 300w, http:\/\/bbi-realestate.de\/wp-content\/uploads\/2023\/03\/Bildschirm_foto-2023-03-20-um-15.27.54-768x385.png 768w, http:\/\/bbi-realestate.de\/wp-content\/uploads\/2023\/03\/Bildschirm_foto-2023-03-20-um-15.27.54-1536x771.png 1536w, http:\/\/bbi-realestate.de\/wp-content\/uploads\/2023\/03\/Bildschirm_foto-2023-03-20-um-15.27.54.png 1786w\" sizes=\"auto, (max-width: 1024px) 100vw, 1024px\" \/>\t\t\t\t\t\t\t\t\t\t\t\t\t\t\t<\/div>\n\t\t\t\t<\/div>\n\t\t\t\t<div class=\"elementor-element elementor-element-73bc1022 elementor-widget elementor-widget-image\" data-id=\"73bc1022\" data-element_type=\"widget\" data-widget_type=\"image.default\">\n\t\t\t\t<div class=\"elementor-widget-container\">\n\t\t\t\t\t\t\t\t\t\t\t\t\t\t\t<img loading=\"lazy\" decoding=\"async\" width=\"727\" height=\"1024\" src=\"http:\/\/bbi-realestate.de\/wp-content\/uploads\/2023\/03\/Bildschirm_foto-2023-03-20-um-15.27.24-727x1024.png\" class=\"attachment-large size-large wp-image-375\" alt=\"\" srcset=\"http:\/\/bbi-realestate.de\/wp-content\/uploads\/2023\/03\/Bildschirm_foto-2023-03-20-um-15.27.24-727x1024.png 727w, http:\/\/bbi-realestate.de\/wp-content\/uploads\/2023\/03\/Bildschirm_foto-2023-03-20-um-15.27.24-213x300.png 213w, http:\/\/bbi-realestate.de\/wp-content\/uploads\/2023\/03\/Bildschirm_foto-2023-03-20-um-15.27.24-768x1081.png 768w, http:\/\/bbi-realestate.de\/wp-content\/uploads\/2023\/03\/Bildschirm_foto-2023-03-20-um-15.27.24.png 897w\" sizes=\"auto, (max-width: 727px) 100vw, 727px\" \/>\t\t\t\t\t\t\t\t\t\t\t\t\t\t\t<\/div>\n\t\t\t\t<\/div>\n\t\t\t\t\t<\/div>\n\t\t<\/div>\n\t\t\t\t\t\t\t<\/div>\n\t\t<\/section>\n\t\t\t\t<section class=\"elementor-section elementor-top-section elementor-element elementor-element-820a40 elementor-section-height-min-height elementor-section-boxed elementor-section-height-default elementor-section-items-middle\" data-id=\"820a40\" data-element_type=\"section\">\n\t\t\t\t\t\t<div class=\"elementor-container elementor-column-gap-default\">\n\t\t\t\t\t<div class=\"elementor-column elementor-col-100 elementor-top-column elementor-element elementor-element-75da5ec6\" data-id=\"75da5ec6\" data-element_type=\"column\">\n\t\t\t<div class=\"elementor-widget-wrap\">\n\t\t\t\t\t\t\t\t\t<\/div>\n\t\t<\/div>\n\t\t\t\t\t\t\t<\/div>\n\t\t<\/section>\n\t\t\t\t<section class=\"elementor-section elementor-top-section elementor-element elementor-element-3d6499f6 elementor-section-boxed elementor-section-height-default elementor-section-height-default\" data-id=\"3d6499f6\" data-element_type=\"section\">\n\t\t\t\t\t\t<div class=\"elementor-container elementor-column-gap-default\">\n\t\t\t\t\t<div class=\"elementor-column elementor-col-100 elementor-top-column elementor-element elementor-element-2c3fe34c\" data-id=\"2c3fe34c\" data-element_type=\"column\">\n\t\t\t<div class=\"elementor-widget-wrap elementor-element-populated\">\n\t\t\t\t\t\t\t\t<section class=\"elementor-section elementor-inner-section elementor-element elementor-element-7ede000e elementor-section-boxed elementor-section-height-default elementor-section-height-default\" data-id=\"7ede000e\" data-element_type=\"section\" data-settings=\"{&quot;background_background&quot;:&quot;classic&quot;}\">\n\t\t\t\t\t\t<div class=\"elementor-container elementor-column-gap-default\">\n\t\t\t\t\t<div class=\"elementor-column elementor-col-100 elementor-inner-column elementor-element elementor-element-40f106c6\" data-id=\"40f106c6\" data-element_type=\"column\">\n\t\t\t<div class=\"elementor-widget-wrap elementor-element-populated\">\n\t\t\t\t\t\t\t\t<div class=\"elementor-element elementor-element-7ab31aca elementor-widget elementor-widget-text-editor\" data-id=\"7ab31aca\" data-element_type=\"widget\" data-widget_type=\"text-editor.default\">\n\t\t\t\t<div class=\"elementor-widget-container\">\n\t\t\t<style>\/*! elementor - v3.11.5 - 14-03-2023 *\/\n.elementor-widget-text-editor.elementor-drop-cap-view-stacked .elementor-drop-cap{background-color:#818a91;color:#fff}.elementor-widget-text-editor.elementor-drop-cap-view-framed .elementor-drop-cap{color:#818a91;border:3px solid;background-color:transparent}.elementor-widget-text-editor:not(.elementor-drop-cap-view-default) .elementor-drop-cap{margin-top:8px}.elementor-widget-text-editor:not(.elementor-drop-cap-view-default) .elementor-drop-cap-letter{width:1em;height:1em}.elementor-widget-text-editor .elementor-drop-cap{float:left;text-align:center;line-height:1;font-size:50px}.elementor-widget-text-editor .elementor-drop-cap-letter{display:inline-block}<\/style>\t\t\t\t<p>Entwicklung von ca. 150 Reihenh\u00e4usern auf 2 Grundst\u00fccken mit eigenem Stellplatz.<\/p>\t\t\t\t\t\t<\/div>\n\t\t\t\t<\/div>\n\t\t\t\t\t<\/div>\n\t\t<\/div>\n\t\t\t\t\t\t\t<\/div>\n\t\t<\/section>\n\t\t\t\t\t<\/div>\n\t\t<\/div>\n\t\t\t\t\t\t\t<\/div>\n\t\t<\/section>\n\t\t\t\t<section class=\"elementor-section elementor-top-section elementor-element elementor-element-a55fa64 elementor-section-boxed elementor-section-height-default elementor-section-height-default\" data-id=\"a55fa64\" data-element_type=\"section\">\n\t\t\t\t\t\t<div class=\"elementor-container elementor-column-gap-default\">\n\t\t\t\t\t<div class=\"elementor-column elementor-col-100 elementor-top-column elementor-element elementor-element-499d37da\" data-id=\"499d37da\" data-element_type=\"column\">\n\t\t\t<div class=\"elementor-widget-wrap elementor-element-populated\">\n\t\t\t\t\t\t\t\t<section class=\"elementor-section elementor-inner-section elementor-element elementor-element-52d18119 elementor-section-boxed elementor-section-height-default elementor-section-height-default\" data-id=\"52d18119\" data-element_type=\"section\">\n\t\t\t\t\t\t<div class=\"elementor-container elementor-column-gap-default\">\n\t\t\t\t\t<div class=\"elementor-column elementor-col-100 elementor-inner-column elementor-element elementor-element-4dfc4fff\" data-id=\"4dfc4fff\" data-element_type=\"column\">\n\t\t\t<div class=\"elementor-widget-wrap elementor-element-populated\">\n\t\t\t\t\t\t\t\t<div class=\"elementor-element elementor-element-4f80c9ea elementor-align-center elementor-widget elementor-widget-button\" data-id=\"4f80c9ea\" data-element_type=\"widget\" data-widget_type=\"button.default\">\n\t\t\t\t<div class=\"elementor-widget-container\">\n\t\t\t\t\t<div class=\"elementor-button-wrapper\">\n\t\t\t<a href=\"http:\/\/bbi-realestate.de\/en\/kontakt\/\" class=\"elementor-button-link elementor-button elementor-size-sm\" role=\"button\">\n\t\t\t\t\t\t<span class=\"elementor-button-content-wrapper\">\n\t\t\t\t\t\t<span class=\"elementor-button-text\">Contact<\/span>\n\t\t<\/span>\n\t\t\t\t\t<\/a>\n\t\t<\/div>\n\t\t\t\t<\/div>\n\t\t\t\t<\/div>\n\t\t\t\t\t<\/div>\n\t\t<\/div>\n\t\t\t\t\t\t\t<\/div>\n\t\t<\/section>\n\t\t\t\t\t<\/div>\n\t\t<\/div>\n\t\t\t\t\t\t\t<\/div>\n\t\t<\/section>\n\t\t\t\t\t\t\t<\/div>","protected":false},"excerpt":{"rendered":"<p>Biesenthal | in 16359 Biesenthal Barnim Kontakt Grundst\u00fccksfl\u00e4che: ca. 74.880 m\u00b2 Wohnfl\u00e4che soll: ca. 22.200 m\u00b2 Preis: 42.000.000 \u20ac Entwicklung von ca. 150 Reihenh\u00e4usern auf 2 Grundst\u00fccken mit eigenem Stellplatz. Kontakt<\/p>","protected":false},"author":1,"featured_media":0,"parent":0,"menu_order":0,"comment_status":"closed","ping_status":"closed","template":"","meta":{"footnotes":""},"class_list":["post-300","page","type-page","status-publish","hentry"],"yoast_head":"<!-- This site is optimized with the Yoast SEO plugin v23.8 - https:\/\/yoast.com\/wordpress\/plugins\/seo\/ -->\n<title>Objekt-Biesenthal - BBI Realestate Immobilien in Berlin &amp; Brandenburg \u2013 Grundst\u00fccke, H\u00e4user &amp; Wohnungen kaufen bei BBI Real Estate<\/title>\n<meta name=\"description\" content=\"BBI Real Estate ist Ihr Partner f\u00fcr Immobilien in Berlin &amp; Brandenburg. Wir bieten Grundst\u00fccke, H\u00e4user und Wohnungen zum Kauf sowie umfassenden Service von der Beratung bis zur Finanzierung.\" \/>\n<meta name=\"robots\" content=\"index, follow, max-snippet:-1, max-image-preview:large, max-video-preview:-1\" \/>\n<link rel=\"canonical\" href=\"http:\/\/bbi-realestate.de\/en\/objekt-biesenthal\/\" \/>\n<meta property=\"og:locale\" content=\"en_GB\" \/>\n<meta property=\"og:type\" content=\"article\" \/>\n<meta property=\"og:title\" content=\"Objekt-Biesenthal - BBI Realestate Immobilien in Berlin &amp; Brandenburg \u2013 Grundst\u00fccke, H\u00e4user &amp; Wohnungen kaufen bei BBI Real Estate\" \/>\n<meta property=\"og:description\" content=\"BBI Real Estate ist Ihr Partner f\u00fcr Immobilien in Berlin &amp; Brandenburg. Wir bieten Grundst\u00fccke, H\u00e4user und Wohnungen zum Kauf sowie umfassenden Service von der Beratung bis zur Finanzierung.\" \/>\n<meta property=\"og:url\" content=\"http:\/\/bbi-realestate.de\/en\/objekt-biesenthal\/\" \/>\n<meta property=\"og:site_name\" content=\"BBI Realestate\" \/>\n<meta property=\"article:modified_time\" content=\"2023-04-11T10:47:35+00:00\" \/>\n<meta property=\"og:image\" content=\"http:\/\/bbi-realestate.de\/wp-content\/uploads\/2023\/03\/Bildschirm_foto-2023-03-20-um-15.27.54-1024x514.png\" \/>\n<meta name=\"twitter:card\" content=\"summary_large_image\" \/>\n<script type=\"application\/ld+json\" class=\"yoast-schema-graph\">{\"@context\":\"https:\/\/schema.org\",\"@graph\":[{\"@type\":\"WebPage\",\"@id\":\"http:\/\/bbi-realestate.de\/en\/objekt-biesenthal\/\",\"url\":\"http:\/\/bbi-realestate.de\/en\/objekt-biesenthal\/\",\"name\":\"Objekt-Biesenthal - BBI Realestate Immobilien in Berlin & Brandenburg \u2013 Grundst\u00fccke, H\u00e4user & Wohnungen kaufen bei BBI Real Estate\",\"isPartOf\":{\"@id\":\"http:\/\/bbi-realestate.de\/#website\"},\"primaryImageOfPage\":{\"@id\":\"http:\/\/bbi-realestate.de\/en\/objekt-biesenthal\/#primaryimage\"},\"image\":{\"@id\":\"http:\/\/bbi-realestate.de\/en\/objekt-biesenthal\/#primaryimage\"},\"thumbnailUrl\":\"http:\/\/bbi-realestate.de\/wp-content\/uploads\/2023\/03\/Bildschirm_foto-2023-03-20-um-15.27.54-1024x514.png\",\"datePublished\":\"2023-03-23T09:29:38+00:00\",\"dateModified\":\"2023-04-11T10:47:35+00:00\",\"description\":\"BBI Real Estate ist Ihr Partner f\u00fcr Immobilien in Berlin & Brandenburg. Wir bieten Grundst\u00fccke, H\u00e4user und Wohnungen zum Kauf sowie umfassenden Service von der Beratung bis zur Finanzierung.\",\"breadcrumb\":{\"@id\":\"http:\/\/bbi-realestate.de\/en\/objekt-biesenthal\/#breadcrumb\"},\"inLanguage\":\"en-GB\",\"potentialAction\":[{\"@type\":\"ReadAction\",\"target\":[\"http:\/\/bbi-realestate.de\/en\/objekt-biesenthal\/\"]}]},{\"@type\":\"ImageObject\",\"inLanguage\":\"en-GB\",\"@id\":\"http:\/\/bbi-realestate.de\/en\/objekt-biesenthal\/#primaryimage\",\"url\":\"http:\/\/bbi-realestate.de\/wp-content\/uploads\/2023\/03\/Bildschirm_foto-2023-03-20-um-15.27.54-1024x514.png\",\"contentUrl\":\"http:\/\/bbi-realestate.de\/wp-content\/uploads\/2023\/03\/Bildschirm_foto-2023-03-20-um-15.27.54-1024x514.png\"},{\"@type\":\"BreadcrumbList\",\"@id\":\"http:\/\/bbi-realestate.de\/en\/objekt-biesenthal\/#breadcrumb\",\"itemListElement\":[{\"@type\":\"ListItem\",\"position\":1,\"name\":\"Startseite\",\"item\":\"http:\/\/bbi-realestate.de\/\"},{\"@type\":\"ListItem\",\"position\":2,\"name\":\"Objekt-Biesenthal\"}]},{\"@type\":\"WebSite\",\"@id\":\"http:\/\/bbi-realestate.de\/#website\",\"url\":\"http:\/\/bbi-realestate.de\/\",\"name\":\"BBI Realestate\",\"description\":\"\",\"publisher\":{\"@id\":\"http:\/\/bbi-realestate.de\/#organization\"},\"potentialAction\":[{\"@type\":\"SearchAction\",\"target\":{\"@type\":\"EntryPoint\",\"urlTemplate\":\"http:\/\/bbi-realestate.de\/?s={search_term_string}\"},\"query-input\":{\"@type\":\"PropertyValueSpecification\",\"valueRequired\":true,\"valueName\":\"search_term_string\"}}],\"inLanguage\":\"en-GB\"},{\"@type\":\"Organization\",\"@id\":\"http:\/\/bbi-realestate.de\/#organization\",\"name\":\"BBI Realestate\",\"url\":\"http:\/\/bbi-realestate.de\/\",\"logo\":{\"@type\":\"ImageObject\",\"inLanguage\":\"en-GB\",\"@id\":\"http:\/\/bbi-realestate.de\/#\/schema\/logo\/image\/\",\"url\":\"http:\/\/bbi-realestate.de\/wp-content\/uploads\/2024\/10\/cropped-cropped-logo2.png\",\"contentUrl\":\"http:\/\/bbi-realestate.de\/wp-content\/uploads\/2024\/10\/cropped-cropped-logo2.png\",\"width\":512,\"height\":512,\"caption\":\"BBI Realestate\"},\"image\":{\"@id\":\"http:\/\/bbi-realestate.de\/#\/schema\/logo\/image\/\"}}]}<\/script>\n<!-- \/ Yoast SEO plugin. -->","yoast_head_json":{"title":"Objekt-Biesenthal - BBI Realestate Immobilien in Berlin & Brandenburg \u2013 Grundst\u00fccke, H\u00e4user & Wohnungen kaufen bei BBI Real Estate","description":"BBI Real Estate ist Ihr Partner f\u00fcr Immobilien in Berlin & Brandenburg. Wir bieten Grundst\u00fccke, H\u00e4user und Wohnungen zum Kauf sowie umfassenden Service von der Beratung bis zur Finanzierung.","robots":{"index":"index","follow":"follow","max-snippet":"max-snippet:-1","max-image-preview":"max-image-preview:large","max-video-preview":"max-video-preview:-1"},"canonical":"http:\/\/bbi-realestate.de\/en\/objekt-biesenthal\/","og_locale":"en_GB","og_type":"article","og_title":"Objekt-Biesenthal - BBI Realestate Immobilien in Berlin & Brandenburg \u2013 Grundst\u00fccke, H\u00e4user & Wohnungen kaufen bei BBI Real Estate","og_description":"BBI Real Estate ist Ihr Partner f\u00fcr Immobilien in Berlin & Brandenburg. Wir bieten Grundst\u00fccke, H\u00e4user und Wohnungen zum Kauf sowie umfassenden Service von der Beratung bis zur Finanzierung.","og_url":"http:\/\/bbi-realestate.de\/en\/objekt-biesenthal\/","og_site_name":"BBI Realestate","article_modified_time":"2023-04-11T10:47:35+00:00","og_image":[{"url":"http:\/\/bbi-realestate.de\/wp-content\/uploads\/2023\/03\/Bildschirm_foto-2023-03-20-um-15.27.54-1024x514.png"}],"twitter_card":"summary_large_image","schema":{"@context":"https:\/\/schema.org","@graph":[{"@type":"WebPage","@id":"http:\/\/bbi-realestate.de\/en\/objekt-biesenthal\/","url":"http:\/\/bbi-realestate.de\/en\/objekt-biesenthal\/","name":"Objekt-Biesenthal - BBI Realestate Immobilien in Berlin & Brandenburg \u2013 Grundst\u00fccke, H\u00e4user & Wohnungen kaufen bei BBI Real Estate","isPartOf":{"@id":"http:\/\/bbi-realestate.de\/#website"},"primaryImageOfPage":{"@id":"http:\/\/bbi-realestate.de\/en\/objekt-biesenthal\/#primaryimage"},"image":{"@id":"http:\/\/bbi-realestate.de\/en\/objekt-biesenthal\/#primaryimage"},"thumbnailUrl":"http:\/\/bbi-realestate.de\/wp-content\/uploads\/2023\/03\/Bildschirm_foto-2023-03-20-um-15.27.54-1024x514.png","datePublished":"2023-03-23T09:29:38+00:00","dateModified":"2023-04-11T10:47:35+00:00","description":"BBI Real Estate ist Ihr Partner f\u00fcr Immobilien in Berlin & Brandenburg. Wir bieten Grundst\u00fccke, H\u00e4user und Wohnungen zum Kauf sowie umfassenden Service von der Beratung bis zur Finanzierung.","breadcrumb":{"@id":"http:\/\/bbi-realestate.de\/en\/objekt-biesenthal\/#breadcrumb"},"inLanguage":"en-GB","potentialAction":[{"@type":"ReadAction","target":["http:\/\/bbi-realestate.de\/en\/objekt-biesenthal\/"]}]},{"@type":"ImageObject","inLanguage":"en-GB","@id":"http:\/\/bbi-realestate.de\/en\/objekt-biesenthal\/#primaryimage","url":"http:\/\/bbi-realestate.de\/wp-content\/uploads\/2023\/03\/Bildschirm_foto-2023-03-20-um-15.27.54-1024x514.png","contentUrl":"http:\/\/bbi-realestate.de\/wp-content\/uploads\/2023\/03\/Bildschirm_foto-2023-03-20-um-15.27.54-1024x514.png"},{"@type":"BreadcrumbList","@id":"http:\/\/bbi-realestate.de\/en\/objekt-biesenthal\/#breadcrumb","itemListElement":[{"@type":"ListItem","position":1,"name":"Startseite","item":"http:\/\/bbi-realestate.de\/"},{"@type":"ListItem","position":2,"name":"Objekt-Biesenthal"}]},{"@type":"WebSite","@id":"http:\/\/bbi-realestate.de\/#website","url":"http:\/\/bbi-realestate.de\/","name":"BBI Realestate","description":"","publisher":{"@id":"http:\/\/bbi-realestate.de\/#organization"},"potentialAction":[{"@type":"SearchAction","target":{"@type":"EntryPoint","urlTemplate":"http:\/\/bbi-realestate.de\/?s={search_term_string}"},"query-input":{"@type":"PropertyValueSpecification","valueRequired":true,"valueName":"search_term_string"}}],"inLanguage":"en-GB"},{"@type":"Organization","@id":"http:\/\/bbi-realestate.de\/#organization","name":"BBI Realestate","url":"http:\/\/bbi-realestate.de\/","logo":{"@type":"ImageObject","inLanguage":"en-GB","@id":"http:\/\/bbi-realestate.de\/#\/schema\/logo\/image\/","url":"http:\/\/bbi-realestate.de\/wp-content\/uploads\/2024\/10\/cropped-cropped-logo2.png","contentUrl":"http:\/\/bbi-realestate.de\/wp-content\/uploads\/2024\/10\/cropped-cropped-logo2.png","width":512,"height":512,"caption":"BBI Realestate"},"image":{"@id":"http:\/\/bbi-realestate.de\/#\/schema\/logo\/image\/"}}]}},"_links":{"self":[{"href":"http:\/\/bbi-realestate.de\/en\/wp-json\/wp\/v2\/pages\/300","targetHints":{"allow":["GET"]}}],"collection":[{"href":"http:\/\/bbi-realestate.de\/en\/wp-json\/wp\/v2\/pages"}],"about":[{"href":"http:\/\/bbi-realestate.de\/en\/wp-json\/wp\/v2\/types\/page"}],"author":[{"embeddable":true,"href":"http:\/\/bbi-realestate.de\/en\/wp-json\/wp\/v2\/users\/1"}],"replies":[{"embeddable":true,"href":"http:\/\/bbi-realestate.de\/en\/wp-json\/wp\/v2\/comments?post=300"}],"version-history":[{"count":16,"href":"http:\/\/bbi-realestate.de\/en\/wp-json\/wp\/v2\/pages\/300\/revisions"}],"predecessor-version":[{"id":775,"href":"http:\/\/bbi-realestate.de\/en\/wp-json\/wp\/v2\/pages\/300\/revisions\/775"}],"wp:attachment":[{"href":"http:\/\/bbi-realestate.de\/en\/wp-json\/wp\/v2\/media?parent=300"}],"curies":[{"name":"wp","href":"https:\/\/api.w.org\/{rel}","templated":true}]}}